{"id":22,"date":"2020-08-20T09:09:08","date_gmt":"2020-08-20T09:09:08","guid":{"rendered":"https:\/\/movepitajanmaki.fi\/?page_id=22"},"modified":"2023-11-06T18:00:23","modified_gmt":"2023-11-06T16:00:23","slug":"etusivu","status":"publish","type":"page","link":"https:\/\/movepitajanmaki.fi\/","title":{"rendered":"Etusivu"},"content":{"rendered":"<div class=\"wp-bootstrap-blocks-container container-md mb-2 lift-below frontpage-top-buttons\">\n\t\n<div class=\"wp-bootstrap-blocks-container container mb-2\">\n\t\n<div class=\"wp-bootstrap-blocks-container container mb-2 frontpage-top-buttons\">\n\t\n<div class=\"wp-bootstrap-blocks-row row justify-content-center align-items-center\">\n\t\n\n<div class=\"col-12 col-md-6 col-lg col-xl\">\n\t\t\t\n<div class=\"wp-bootstrap-blocks-container container mb-2 frontpage-card spaces-card bg-lightgray\">\n\t\n\n<h2 class=\"wp-block-heading has-text-align-center darkgreen\">Vapaat toimitilat<\/h2>\n\n\n<div class=\"wp-block-image\">\n<figure class=\"aligncenter size-medium\"><img loading=\"lazy\" decoding=\"async\" width=\"300\" height=\"300\" src=\"https:\/\/movepitajanmaki.fi\/wp-content\/uploads\/2023\/03\/3krs-658-m2_kk-300x300.png\" alt=\"\" class=\"wp-image-878\" srcset=\"https:\/\/movepitajanmaki.fi\/wp-content\/uploads\/2023\/03\/3krs-658-m2_kk-300x300.png 300w, https:\/\/movepitajanmaki.fi\/wp-content\/uploads\/2023\/03\/3krs-658-m2_kk-1024x1024.png 1024w, https:\/\/movepitajanmaki.fi\/wp-content\/uploads\/2023\/03\/3krs-658-m2_kk-150x150.png 150w, https:\/\/movepitajanmaki.fi\/wp-content\/uploads\/2023\/03\/3krs-658-m2_kk-768x768.png 768w, https:\/\/movepitajanmaki.fi\/wp-content\/uploads\/2023\/03\/3krs-658-m2_kk-1536x1536.png 1536w, https:\/\/movepitajanmaki.fi\/wp-content\/uploads\/2023\/03\/3krs-658-m2_kk.png 1920w\" sizes=\"auto, (max-width: 300px) 100vw, 300px\" \/><\/figure>\n<\/div>\n\n<div class=\"wp-bootstrap-blocks-button text-center\">\n\t<a\n\t\thref=\"https:\/\/movepitajanmaki.fi\/index.php\/vapaat-tilat\/\"\n\t\t\t\t\t\tclass=\"btn bigbtn-spaces btn-primary\"\n\t>\n\t\tKATSO LIS\u00c4\u00c4\t<\/a>\n<\/div>\n\n<\/div>\n\n\t<\/div>\n\n\n\n<div class=\"col-12 col-md-6 col-lg col-xl\">\n\t\t\t\n<div class=\"wp-bootstrap-blocks-container container mb-2 frontpage-card services-card bg-lightgreen\">\n\t\n\n<h2 class=\"wp-block-heading has-text-align-center darkgreen\">Palvelut<\/h2>\n\n\n<div class=\"wp-block-image servicelink\">\n<figure class=\"aligncenter size-full is-resized\"><a href=\"https:\/\/www.elixia.fi\/kuntokeskus\/pitaejaenmaeki?clubId=705\" target=\"_blank\" rel=\"noreferrer noopener\"><img loading=\"lazy\" decoding=\"async\" width=\"400\" height=\"400\" src=\"https:\/\/movepitajanmaki.fi\/wp-content\/uploads\/2023\/03\/logo-_0000_elixia.png\" alt=\"\" class=\"wp-image-972\" style=\"width:300px;height:300px\" srcset=\"https:\/\/movepitajanmaki.fi\/wp-content\/uploads\/2023\/03\/logo-_0000_elixia.png 400w, https:\/\/movepitajanmaki.fi\/wp-content\/uploads\/2023\/03\/logo-_0000_elixia-300x300.png 300w, https:\/\/movepitajanmaki.fi\/wp-content\/uploads\/2023\/03\/logo-_0000_elixia-150x150.png 150w\" sizes=\"auto, (max-width: 400px) 100vw, 400px\" \/><\/a><\/figure>\n<\/div>\n\n<div class=\"wp-block-image servicelink hidden\">\n<figure class=\"aligncenter size-full is-resized\"><a href=\"https:\/\/movepitajanmaki.fi\/index.php\/palvelut\/#ravintola-pause\" target=\"_self\" rel=\"noreferrer noopener\"><img loading=\"lazy\" decoding=\"async\" width=\"400\" height=\"400\" src=\"https:\/\/movepitajanmaki.fi\/wp-content\/uploads\/2023\/10\/logo-_0002_pause.png\" alt=\"\" class=\"wp-image-1220\" style=\"width:300px;height:300px\" srcset=\"https:\/\/movepitajanmaki.fi\/wp-content\/uploads\/2023\/10\/logo-_0002_pause.png 400w, https:\/\/movepitajanmaki.fi\/wp-content\/uploads\/2023\/10\/logo-_0002_pause-300x300.png 300w, https:\/\/movepitajanmaki.fi\/wp-content\/uploads\/2023\/10\/logo-_0002_pause-150x150.png 150w\" sizes=\"auto, (max-width: 400px) 100vw, 400px\" \/><\/a><\/figure>\n<\/div>\n\n<div class=\"wp-block-image servicelink hidden\">\n<figure class=\"aligncenter size-full is-resized\"><a href=\"https:\/\/www.subway.fi\/fi\/ravintolat\/helsinki\/helsinki-pitajanmaki\" target=\"_blank\" rel=\"noreferrer noopener\"><img loading=\"lazy\" decoding=\"async\" width=\"400\" height=\"400\" src=\"https:\/\/movepitajanmaki.fi\/wp-content\/uploads\/2023\/03\/logo-_0002_subway.png\" alt=\"\" class=\"wp-image-974\" style=\"width:300px;height:300px\" srcset=\"https:\/\/movepitajanmaki.fi\/wp-content\/uploads\/2023\/03\/logo-_0002_subway.png 400w, https:\/\/movepitajanmaki.fi\/wp-content\/uploads\/2023\/03\/logo-_0002_subway-300x300.png 300w, https:\/\/movepitajanmaki.fi\/wp-content\/uploads\/2023\/03\/logo-_0002_subway-150x150.png 150w\" sizes=\"auto, (max-width: 400px) 100vw, 400px\" \/><\/a><\/figure>\n<\/div>\n\n<div class=\"wp-bootstrap-blocks-button text-center\">\n\t<a\n\t\thref=\"https:\/\/movepitajanmaki.fi\/index.php\/palvelut\/\"\n\t\t\t\t\t\tclass=\"btn bigbtn-services btn-primary\"\n\t>\n\t\tKATSO LIS\u00c4\u00c4\t<\/a>\n<\/div>\n\n<\/div>\n\n\t<\/div>\n\n<\/div>\n\n<\/div>\n\n<\/div>\n\n<\/div>\n\n\n\n<a id=\"toimitila\"><\/a>\n\n\n<div class=\"wp-bootstrap-blocks-container container-fluid mb-0\">\n\t\n<div class=\"wp-bootstrap-blocks-container container-fluid mb-0 etusivu-toimitilat\">\n\t\n\n<h3 class=\"has-text-align-left has-text-color wp-block-heading\" style=\"color:#2d4d4a\">Vapaat tilat<\/h3>\n\n\n\n<div class=\"owl-wrapper\"><div id=\"carousel-toimitilat\" class=\"owl-carousel owl-theme\"><div class=\"item\"><div class=\"item-inner\"><a href=\"https:\/\/movepitajanmaki.fi\/index.php\/en\/toimitila\/314-m2-2\/\" class=\"linked-image\"><img decoding=\"async\" src=\"https:\/\/movepitajanmaki.fi\/wp-content\/uploads\/2023\/10\/4krs_314-m2_kk-300x300.png\" class=\"carousel-image\" alt=\"\"\/><\/a><h4>314 m&lt;sup&gt;2&lt;\/sup&gt;<\/h4>4th floor<p class=\"owl-btn-wrapper\"><a href=\"https:\/\/movepitajanmaki.fi\/index.php\/en\/toimitila\/314-m2-2\/\" class=\"carousel-button btn btn-primary greenbtn\" style=\"display: inline-block;margin: 30;\">LUE LIS\u00c4\u00c4<\/a><\/p><\/div><\/div><div class=\"item\"><div class=\"item-inner\"><a href=\"https:\/\/movepitajanmaki.fi\/index.php\/toimitila\/314-m2\/\" class=\"linked-image\"><img decoding=\"async\" src=\"https:\/\/movepitajanmaki.fi\/wp-content\/uploads\/2023\/10\/4krs_314-m2_kk-300x300.png\" class=\"carousel-image\" alt=\"\"\/><\/a><h4>314 m&lt;sup&gt;2&lt;\/sup&gt;<\/h4>4. kerros<p class=\"owl-btn-wrapper\"><a href=\"https:\/\/movepitajanmaki.fi\/index.php\/toimitila\/314-m2\/\" class=\"carousel-button btn btn-primary greenbtn\" style=\"display: inline-block;margin: 30;\">LUE LIS\u00c4\u00c4<\/a><\/p><\/div><\/div><div class=\"item\"><div class=\"item-inner\"><a href=\"https:\/\/movepitajanmaki.fi\/index.php\/en\/toimitila\/279-m2\/\" class=\"linked-image\"><img decoding=\"async\" src=\"https:\/\/movepitajanmaki.fi\/wp-content\/uploads\/2025\/03\/3krs-279-m2_kk-300x300.png\" class=\"carousel-image\" alt=\"\"\/><\/a><h4>279 m&lt;sup&gt;2&lt;\/sup&gt;<\/h4>3rd floor<p class=\"owl-btn-wrapper\"><a href=\"https:\/\/movepitajanmaki.fi\/index.php\/en\/toimitila\/279-m2\/\" class=\"carousel-button btn btn-primary greenbtn\" style=\"display: inline-block;margin: 30;\">LUE LIS\u00c4\u00c4<\/a><\/p><\/div><\/div><div class=\"item\"><div class=\"item-inner\"><a href=\"https:\/\/movepitajanmaki.fi\/index.php\/toimitila\/279-m2-2\/\" class=\"linked-image\"><img decoding=\"async\" src=\"https:\/\/movepitajanmaki.fi\/wp-content\/uploads\/2025\/03\/3krs-279-m2_kk-300x300.png\" class=\"carousel-image\" alt=\"\"\/><\/a><h4>279 m&lt;sup&gt;2&lt;\/sup&gt;<\/h4>3. kerros<p class=\"owl-btn-wrapper\"><a href=\"https:\/\/movepitajanmaki.fi\/index.php\/toimitila\/279-m2-2\/\" class=\"carousel-button btn btn-primary greenbtn\" style=\"display: inline-block;margin: 30;\">LUE LIS\u00c4\u00c4<\/a><\/p><\/div><\/div><\/div><\/div>\n\n<\/div>\n\n<\/div>\n\n\n<div class=\"wp-bootstrap-blocks-container container-fluid mb-0 bg-green waves-green ptb-40\">\n\t\n<div class=\"wp-bootstrap-blocks-container container-xl mb-0 mtb-20\">\n\t\n\n<h4 class=\"wp-block-heading has-text-align-center lightgreen\">Lataa Move Esite<\/h4>\n\n\n\n<p><br><\/p>\n\n\n<div class=\"wp-bootstrap-blocks-button text-center\">\n\t<a\n\t\thref=\"https:\/\/movepitajanmaki.fi\/wp-content\/uploads\/2026\/02\/Move-esite-2-2026.pdf\"\n\t\t\t\t\t\tclass=\"btn darkgreen bg-lightgreen btn-secondary\"\n\t>\n\t\tLATAA\t<\/a>\n<\/div>\n\n\n\n<p><\/p>\n\n<\/div>\n\n<\/div>\n\n\n<div class=\"wp-bootstrap-blocks-container container-fluid mb-0 bg-lightgray\">\n\t\n<div class=\"wp-bootstrap-blocks-container container-lg mb-0 ptb-40\">\n\t\n\n<h2 class=\"wp-block-heading ptb-40\">Move lyhyesti<\/h2>\n\n\n<div class=\"wp-bootstrap-blocks-row row\">\n\t\n\n<div class=\"col-12 col-md-6\">\n\t\t\t\n\n<p>Move sijaitsee Pit\u00e4j\u00e4nm\u00e4en juuri uusitun p\u00e4\u00e4kadun varrella kehittyv\u00e4ll\u00e4 ja vihre\u00e4ll\u00e4 Talin alueella.  Movesta on nopeat ja helpot yhteydet lentokent\u00e4lle ja Helsingin keskustaan sek\u00e4 muualle p\u00e4\u00e4kaupunkiseudulle niin autolla kuin julkisilla kulkuv\u00e4lineill\u00e4. Pikaratikka 15 pys\u00e4htyy Moven edess\u00e4 olevalle pys\u00e4kille.&nbsp;<br><\/p>\n\n\n\n<p><\/p>\n\n\n\n<p>Move on raikas ja moderni toimistorakennus, yksi alueen uusimmista, ja se tarjoaa joustavasti muunneltavia toimistotiloja palveluineen sek\u00e4 hyvinvointia tukevia liikuntapalveluja vuokralaisyritysten henkil\u00f6st\u00f6lle. Niihin lukeutuvat kuntosali, kattavat aulapalvelut, kaksi ravintolaa, erikokoiset neuvottelutilat, catering-palvelut, suihkut ja pukuhuoneet ty\u00f6matkapy\u00f6r\u00e4ilij\u00f6ille ja juoksijoille sek\u00e4 vuokrattavat varastotilat.<br><\/p>\n\n\n\n<p><\/p>\n\n\n\n<p>Moven tilat ovat kuudessa kerroksessa kahdessa siivess\u00e4, maan alla on viel\u00e4 kolme kerrosta lis\u00e4\u00e4. Kaikkiaan rakennuksessa on 10 000 m\u00b2 vuokrattavaa tilaa sek\u00e4 autoille l\u00e4mmin autotalli latausasemineen. Vieraille ja s\u00e4hk\u00f6autoilijoille l\u00f6ytyy my\u00f6s hyvin pys\u00e4k\u00f6intitilaa pihalta.<\/p>\n\n\t<\/div>\n\n\n\n<div class=\"col-12 col-md-6\">\n\t\t\t\n\n<p>Vastuullisuus ja energiatehokkuus ovat osa Moven hyvinvointiarvoja, LEED-sertifikaatti sille on jo my\u00f6nnetty. <\/p>\n\n\n\n<p><\/p>\n\n\n\n<p>Vuoden 2023 aikana Move on uudistunut sis\u00e4\u00e4nk\u00e4ynnin, aulatilojen ja ravintoloiden kunnostust\u00f6iden valmistuttua. Uusi ravintola Pause tarjoaa eritt\u00e4in monipuoliset ravintolapalvelut sek\u00e4 viihtyis\u00e4t, olohuoneimaiset tilat. Kuntosali Elixia tarjoaa paitsi kes\u00e4ll\u00e4 2024 uudistuvat salitilat, my\u00f6s hyv\u00e4t edut Moven vuokralaisille. Lis\u00e4ksi ty\u00f6matkapy\u00f6r\u00e4ilij\u00f6it\u00e4 ja juoksijoita palvelee toimivat suihkutilat ja pukuhuoneet s\u00e4ilytystiloineen. Moven suureen sis\u00e4pihaan kuuluu viihtyis\u00e4 kes\u00e4terassi ja katolla kattoterassi.<br><\/p>\n\n\n\n<p><\/p>\n\n\n\n<p>Movesta ovat l\u00f6yt\u00e4neet uuden osoitteen mm. seuraavat menestyv\u00e4t yritykset: Elixia, Subway, Ravintola Pause, Compass Group, Suomen Punainen Risti, 9Lives, CIL Suomi, Uudenmaan Mestari-rakentajat, Aino Health Management, Worker Etel\u00e4-Suomi, Flatpay ja Eurolaite.<\/p>\n\n\t<\/div>\n\n<\/div>\n\n<\/div>\n\n<\/div>\n\n\n<div class=\"wp-bootstrap-blocks-container container-fluid mb-0 bg-lightgray services\">\n\t\n<div class=\"wp-bootstrap-blocks-container container-xl mb-2 mt-0 mb-0 mtb-0 ptb-40\">\n\t\n<div class=\"wp-bootstrap-blocks-row row\">\n\t\n\n<div class=\"col-12 col-md-4\">\n\t\t\t\n\n<p><h4>Kiinteist\u00f6n palvelut:<\/h4><br><\/p><figure class=\"wp-block-table\"><table><tbody><tr><td><img decoding=\"async\" style=\"width: 26px;\" src=\"https:\/\/movepitajanmaki.fi\/wp-content\/uploads\/2023\/03\/service-ico-placeholder.svg\" alt=\"\"><\/td><td>Laadukkaat aulapalvelut<br><\/td><\/tr><tr><td><img decoding=\"async\" style=\"width: 22px;\" src=\"https:\/\/movepitajanmaki.fi\/wp-content\/uploads\/2023\/03\/service-ico-placeholder.svg\" alt=\"\"><\/td><td>Kaksi ravintolaa<br><\/td><\/tr><tr><td><img decoding=\"async\" style=\"width: 24px;\" src=\"https:\/\/movepitajanmaki.fi\/wp-content\/uploads\/2023\/03\/service-ico-placeholder.svg\" alt=\"\"><\/td><td>Catering<br><\/td><\/tr><tr><td><img decoding=\"async\" style=\"width: 26px;\" src=\"https:\/\/movepitajanmaki.fi\/wp-content\/uploads\/2023\/03\/service-ico-placeholder.svg\" alt=\"\"><\/td><td>Kuntosali\n<br><\/td><\/tr><tr><td><img decoding=\"async\" style=\"width: 26px;\" src=\"https:\/\/movepitajanmaki.fi\/wp-content\/uploads\/2023\/03\/service-ico-placeholder.svg\" alt=\"\"><\/td><td>Vuokrattavia kokoustiloja<\/td><\/tr><tr><td><img decoding=\"async\" style=\"width: 26px;\" src=\"https:\/\/movepitajanmaki.fi\/wp-content\/uploads\/2023\/03\/service-ico-placeholder.svg\" alt=\"\"><\/td><td>Ty\u00f6matkapy\u00f6r\u00e4ilij\u00f6iden tarvitsemat palvelut<\/td><\/tr><tr><td><img decoding=\"async\" style=\"width: 26px;\" src=\"https:\/\/movepitajanmaki.fi\/wp-content\/uploads\/2023\/03\/service-ico-placeholder.svg\" alt=\"\"><\/td><td>Vuokrattavia varastotiloja<\/td><\/tr><\/tbody><\/table><\/figure><br><p><h4>Pys\u00e4k\u00f6inti:<\/h4><br>\nPys\u00e4k\u00f6intitiloja kellarissa sek\u00e4 kiinteist\u00f6n pihalla. Vieraspaikat ovat piha-alueella. S\u00e4hk\u00f6autoilijat on otettu huomioon latauspaikoilla. <\/p>\n\n\t<\/div>\n\n\n\n<div class=\"col-12 col-md-4\">\n\t\t\t\n\n<div class=\"wp-block-group\"><div class=\"wp-block-group__inner-container is-layout-flow wp-block-group-is-layout-flow\">\n<div id=\"wpgmza_map\" class=\"wpgmza_map\" data-settings='{\"id\":\"1\",\"map_title\":\"Move\",\"map_width\":\"100\",\"map_height\":\"320\",\"map_start_lat\":\"60.215074\",\"map_start_lng\":\"24.876392\",\"map_start_location\":\"60.21507409763737,24.87639176262454\",\"map_start_zoom\":\"15\",\"default_marker\":\"0\",\"type\":\"2\",\"alignment\":\"4\",\"directions_enabled\":\"1\",\"styling_enabled\":\"0\",\"styling_json\":\"\",\"active\":\"0\",\"kml\":\"\",\"bicycle\":\"0\",\"traffic\":\"0\",\"dbox\":\"1\",\"dbox_width\":\"100\",\"listmarkers\":\"0\",\"listmarkers_advanced\":\"0\",\"filterbycat\":\"0\",\"ugm_enabled\":\"0\",\"ugm_category_enabled\":\"0\",\"fusion\":\"\",\"map_width_type\":\"\\\\%\",\"map_height_type\":\"px\",\"mass_marker_support\":\"1\",\"ugm_access\":\"0\",\"order_markers_by\":\"1\",\"order_markers_choice\":\"2\",\"show_user_location\":\"0\",\"default_to\":\"\",\"other_settings\":{\"store_locator_enabled\":2,\"store_locator_distance\":2,\"store_locator_default_radius\":10,\"store_locator_not_found_message\":\"No results found in this location. Please try again.\",\"store_locator_bounce\":1,\"store_locator_query_string\":\"ZIP \\\/ Address:\",\"store_locator_default_address\":\"\",\"wpgmza_store_locator_restrict\":\"\",\"wpgmza_store_locator_radius_style\":\"modern\",\"map_max_zoom\":\"1\",\"transport_layer\":0,\"wpgmza_show_points_of_interest\":0,\"wpgmza_auto_night\":0}}' data-map-id='1' Data-maps-engine='open-layers' data-shortcode-attributes='{\"id\":\"1\"}' style=\"display:block; overflow:auto; width:100%; height:320px; float:left;\"><\/div>\n<\/div><\/div>\n\n\n\n<figure class=\"wp-block-table\"><table><tbody><tr><td><img decoding=\"async\" class=\"wp-image-169\" style=\"width: 24px;\" src=\"https:\/\/movepitajanmaki.fi\/wp-content\/uploads\/2023\/03\/service-ico-placeholder.svg\" alt=\"\"><\/td><td>Bussipys\u00e4kki 5 m<\/td><td><img decoding=\"async\" class=\"wp-image-170\" style=\"width: 20px;\" src=\"https:\/\/movepitajanmaki.fi\/wp-content\/uploads\/2023\/03\/service-ico-placeholder.svg\" alt=\"\"><\/td><td>Juna-asema 800 m<\/td><\/tr><tr><td><img decoding=\"async\" class=\"wp-image-171\" style=\"width: 15px;\" src=\"https:\/\/movepitajanmaki.fi\/wp-content\/uploads\/2023\/03\/service-ico-placeholder.svg\" alt=\"\"><\/td><td>Raitiovaunupys\u00e4kki 20 m<\/td><td><img decoding=\"async\" class=\"wp-image-172\" style=\"width: 20px;\" src=\"https:\/\/movepitajanmaki.fi\/wp-content\/uploads\/2023\/03\/service-ico-placeholder.svg\" alt=\"\"><\/td><td>Lentokentt\u00e4 17 km<\/td><\/tr><\/tbody><\/table><\/figure>\n\n\t<\/div>\n\n\n\n<div class=\"col-12 col-md-4\">\n\t\t\t\n\n<p class=\"heebo lh-20\"><strong class=\"darkgreen\">Lis\u00e4tietoja<\/strong><\/p>\n\n\n\n<p class=\"heebo lh-20\">Kimmo Korpela<br>Fokus Nordic Finland Oy<br>p. 050 530 8025<br><a href=\"mailto:kimmo.korpela@fokusnordic.com\">kimmo.korpela@fokusnordic.com<\/a><\/p>\n\n\t<\/div>\n\n<\/div>\n\n\n\n<p><\/p>\n\n<\/div>\n\n<\/div>\n\n\n\n<p><\/p>\n","protected":false},"excerpt":{"rendered":"","protected":false},"author":1,"featured_media":0,"parent":0,"menu_order":0,"comment_status":"closed","ping_status":"closed","template":"","meta":{"inline_featured_image":false,"wpupg_custom_link":[],"wpupg_custom_link_behaviour":[],"wpupg_custom_link_nofollow":[],"wpupg_custom_image":[],"wpupg_custom_image_id":[],"footnotes":""},"class_list":["post-22","page","type-page","status-publish","hentry"],"_links":{"self":[{"href":"https:\/\/movepitajanmaki.fi\/index.php\/wp-json\/wp\/v2\/pages\/22","targetHints":{"allow":["GET"]}}],"collection":[{"href":"https:\/\/movepitajanmaki.fi\/index.php\/wp-json\/wp\/v2\/pages"}],"about":[{"href":"https:\/\/movepitajanmaki.fi\/index.php\/wp-json\/wp\/v2\/types\/page"}],"author":[{"embeddable":true,"href":"https:\/\/movepitajanmaki.fi\/index.php\/wp-json\/wp\/v2\/users\/1"}],"replies":[{"embeddable":true,"href":"https:\/\/movepitajanmaki.fi\/index.php\/wp-json\/wp\/v2\/comments?post=22"}],"version-history":[{"count":41,"href":"https:\/\/movepitajanmaki.fi\/index.php\/wp-json\/wp\/v2\/pages\/22\/revisions"}],"predecessor-version":[{"id":1250,"href":"https:\/\/movepitajanmaki.fi\/index.php\/wp-json\/wp\/v2\/pages\/22\/revisions\/1250"}],"wp:attachment":[{"href":"https:\/\/movepitajanmaki.fi\/index.php\/wp-json\/wp\/v2\/media?parent=22"}],"curies":[{"name":"wp","href":"https:\/\/api.w.org\/{rel}","templated":true}]}}