{"id":391,"date":"2020-09-03T17:15:15","date_gmt":"2020-09-03T17:15:15","guid":{"rendered":"https:\/\/movepitajanmaki.fi\/?page_id=391"},"modified":"2026-02-06T21:04:15","modified_gmt":"2026-02-06T19:04:15","slug":"available-spaces","status":"publish","type":"page","link":"https:\/\/movepitajanmaki.fi\/index.php\/en\/available-spaces\/","title":{"rendered":"Available spaces"},"content":{"rendered":"<div class=\"wp-bootstrap-blocks-container container-fluid mb-0 bg-white mtb-60\">\n\t\n<div class=\"wp-bootstrap-blocks-container container-lg mb-0\">\n\t\n\n<h3 class=\"wp-block-heading has-text-align-center darkgreen\">Available spaces<\/h3>\n\n<\/div>\n\n<\/div>\n\n\n<div class=\"wp-bootstrap-blocks-container container-fluid mb-2 bg-white mtb-40\">\n\t\n<div class=\"wp-bootstrap-blocks-container container mb-0 mtb-40 lh-20\">\n\t\n\n<div class=\"wp-block-columns is-layout-flex wp-container-core-columns-is-layout-9d6595d7 wp-block-columns-is-layout-flex\">\n<div class=\"wp-block-column is-layout-flow wp-block-column-is-layout-flow\">\n<p>There are still a couple flexible space solutions available at Move, ranging from 250 sqm \u2013 300 sqm. Ask also about available storage facilities. See the options below or let us know your space needs.<\/p>\n\n\n\n<p>The current level of the available premises is already very good. The premises are very flexible and bright and the indoor environment is excellent in every season.<\/p>\n<\/div>\n\n\n\n<div class=\"wp-block-column is-layout-flow wp-block-column-is-layout-flow\">\n<p>The design and layout of each space can be modified according to your needs.&nbsp;Interior design planners and project supervision are available free of charge<\/p>\n\n\n\n<p class=\"has-link\">Move&#8217;s own design guide, gives you an illustrative picture of the high-quality basic level of renovations available for office spaces. Download a copy <a href=\"https:\/\/movepitajanmaki.fi\/wp-content\/uploads\/2026\/02\/Move_DesignGuide_260206_m240.pdf\">here.<\/a> (Only in finnish).<\/p>\n<\/div>\n<\/div>\n\n<\/div>\n\n<\/div>\n\n\n<div class=\"wp-bootstrap-blocks-container container-fluid mb-2 toimitilagrid\">\n\t\n<div class=\"wp-bootstrap-blocks-container container-fluid mb-2\">\n\t\n\n<div class=\"wp-block-group\"><div class=\"wp-block-group__inner-container is-layout-flow wp-block-group-is-layout-flow\">\n<div id=\"wpupg-grid-with-filters-toimitilat\" class=\"wpupg-grid-with-filters\"><style>#wpupg-grid-toimitilat-filters .wpupg-filter-container {padding: 10px 10px;}<\/style><div id=\"wpupg-grid-toimitilat-filters\" class=\"wpupg-grid-filters wpupg-grid-filters-display-inline wpupg-grid-filters-align-center\"><div id=\"wpupg-grid-toimitilat-filter-1-container\" class=\"wpupg-filter-container wpupg-filter-container-label-inline\"><div id=\"wpupg-grid-toimitilat-filter-1\" class=\"wpupg-filter wpupg-filter-isotope\"><style>#wpupg-grid-toimitilat-filter-1 {text-align: left;margin: 0 -5px;}#wpupg-grid-toimitilat-filter-1 .wpupg-filter-item {border: 1px solid #1C3148;background-color: #2E5077;color: #FFFFFF;font-size: 14px;margin: 5px 5px;padding: 5px 10px;}#wpupg-grid-toimitilat-filter-1 .wpupg-filter-item.active {border-color: #1C3148;background-color: #1C3148;color: #FFFFFF;}#wpupg-grid-toimitilat-filter-1 .wpupg-filter-item:focus {outline: none;border-color: #1C3148;background-color: #1C3148;color: #FFFFFF;}@media (hover: hover) and (pointer: fine) {#wpupg-grid-toimitilat-filter-1 .wpupg-filter-item:hover {outline: none;border-color: #1C3148;background-color: #1C3148;color: #FFFFFF;}}<\/style><div class=\"wpupg-filter-item wpupg-filter-isotope-term wpupg-filter-isotope-all wpupg-filter-tag- active\" role=\"button\" tabindex=\"0\">All<\/div><div class=\"wpupg-filter-item wpupg-filter-isotope-term wpupg-filter-isotope-term-category wpupg-filter-tag-200-500\" data-taxonomy=\"category\" data-terms=\"200-500\" role=\"button\" tabindex=\"0\">200-500<\/div><div class=\"wpupg-filter-item wpupg-filter-isotope-term wpupg-filter-isotope-term-category wpupg-filter-tag-200-500-fi\" data-taxonomy=\"category\" data-terms=\"200-500-fi\" role=\"button\" tabindex=\"0\">200-500<\/div><\/div><\/div><\/div><div id=\"wpupg-grid-container-toimitilat\" class=\"wpupg-grid-container\"><style>#wpupg-grid-toimitilat .wpupg-item { width: 100%; max-width: 400px; margin: 10px; }<\/style><div id=\"wpupg-grid-toimitilat\" class=\"wpupg-grid wpupg-grid-loading\" data-grid-id=\"411\"><a class=\"wpupg-item wpupg-item-post wpupg-item-1478 wpupg-type-toimitila wpupg-item-has-image wpupg-template-simple-with-excerpt wpupg-tax-category-200-500-fi wpupg-parent-tax-category-200-500-fi wpupg-item-link\" href=\"https:\/\/movepitajanmaki.fi\/index.php\/toimitila\/279-m2-2\/\" target=\"_self\" data-id=\"1478\" data-order-default=\"1743184028\"><div class=\"wpupg-item-image wpupg-block-image-normal wpupg-align-center\"><img loading=\"lazy\" decoding=\"async\" style=\"border-width: 0px;border-style: solid;border-color: #666666;\" width=\"500\" height=\"500\" src=\"https:\/\/movepitajanmaki.fi\/wp-content\/uploads\/2025\/03\/3krs-279-m2_kk.png\" class=\"skip-lazy disable-lazyload attachment-500x999 size-500x999\" alt=\"\" srcset=\"https:\/\/movepitajanmaki.fi\/wp-content\/uploads\/2025\/03\/3krs-279-m2_kk.png 1920w, https:\/\/movepitajanmaki.fi\/wp-content\/uploads\/2025\/03\/3krs-279-m2_kk-300x300.png 300w, https:\/\/movepitajanmaki.fi\/wp-content\/uploads\/2025\/03\/3krs-279-m2_kk-1024x1024.png 1024w, https:\/\/movepitajanmaki.fi\/wp-content\/uploads\/2025\/03\/3krs-279-m2_kk-150x150.png 150w, https:\/\/movepitajanmaki.fi\/wp-content\/uploads\/2025\/03\/3krs-279-m2_kk-768x768.png 768w, https:\/\/movepitajanmaki.fi\/wp-content\/uploads\/2025\/03\/3krs-279-m2_kk-1536x1536.png 1536w\" sizes=\"auto, (max-width: 500px) 100vw, 500px\" \/><\/div>\n<div class=\"wpupg-meta-container\">\n    <div class=\"wpupg-item-title wpupg-block-text-bold\">279 m<sup>2<\/sup><\/div>\n    <span class=\"wpupg-item-excerpt wpupg-block-text-normal\">3. kerros<\/span>\n<\/div><\/a><a class=\"wpupg-item wpupg-item-post wpupg-item-1480 wpupg-type-toimitila wpupg-item-has-image wpupg-template-simple-with-excerpt wpupg-tax-category-200-500 wpupg-parent-tax-category-200-500 wpupg-item-link\" href=\"https:\/\/movepitajanmaki.fi\/index.php\/en\/toimitila\/279-m2\/\" target=\"_self\" data-id=\"1480\" data-order-default=\"1743184015\"><div class=\"wpupg-item-image wpupg-block-image-normal wpupg-align-center\"><img loading=\"lazy\" decoding=\"async\" style=\"border-width: 0px;border-style: solid;border-color: #666666;\" width=\"500\" height=\"500\" src=\"https:\/\/movepitajanmaki.fi\/wp-content\/uploads\/2025\/03\/3krs-279-m2_kk.png\" class=\"skip-lazy disable-lazyload attachment-500x999 size-500x999\" alt=\"\" srcset=\"https:\/\/movepitajanmaki.fi\/wp-content\/uploads\/2025\/03\/3krs-279-m2_kk.png 1920w, https:\/\/movepitajanmaki.fi\/wp-content\/uploads\/2025\/03\/3krs-279-m2_kk-300x300.png 300w, https:\/\/movepitajanmaki.fi\/wp-content\/uploads\/2025\/03\/3krs-279-m2_kk-1024x1024.png 1024w, https:\/\/movepitajanmaki.fi\/wp-content\/uploads\/2025\/03\/3krs-279-m2_kk-150x150.png 150w, https:\/\/movepitajanmaki.fi\/wp-content\/uploads\/2025\/03\/3krs-279-m2_kk-768x768.png 768w, https:\/\/movepitajanmaki.fi\/wp-content\/uploads\/2025\/03\/3krs-279-m2_kk-1536x1536.png 1536w\" sizes=\"auto, (max-width: 500px) 100vw, 500px\" \/><\/div>\n<div class=\"wpupg-meta-container\">\n    <div class=\"wpupg-item-title wpupg-block-text-bold\">279 m<sup>2<\/sup><\/div>\n    <span class=\"wpupg-item-excerpt wpupg-block-text-normal\">3<sup>rd<\/sup> floor<\/span>\n<\/div><\/a><a class=\"wpupg-item wpupg-item-post wpupg-item-1206 wpupg-type-toimitila wpupg-item-has-image wpupg-template-simple-with-excerpt wpupg-tax-category-200-500-fi wpupg-parent-tax-category-200-500-fi wpupg-item-link\" href=\"https:\/\/movepitajanmaki.fi\/index.php\/toimitila\/314-m2\/\" target=\"_self\" data-id=\"1206\" data-order-default=\"1696858365\"><div class=\"wpupg-item-image wpupg-block-image-normal wpupg-align-center\"><img loading=\"lazy\" decoding=\"async\" style=\"border-width: 0px;border-style: solid;border-color: #666666;\" width=\"500\" height=\"500\" src=\"https:\/\/movepitajanmaki.fi\/wp-content\/uploads\/2023\/10\/4krs_314-m2_kk.png\" class=\"skip-lazy disable-lazyload attachment-500x999 size-500x999\" alt=\"\" srcset=\"https:\/\/movepitajanmaki.fi\/wp-content\/uploads\/2023\/10\/4krs_314-m2_kk.png 1920w, https:\/\/movepitajanmaki.fi\/wp-content\/uploads\/2023\/10\/4krs_314-m2_kk-300x300.png 300w, https:\/\/movepitajanmaki.fi\/wp-content\/uploads\/2023\/10\/4krs_314-m2_kk-1024x1024.png 1024w, https:\/\/movepitajanmaki.fi\/wp-content\/uploads\/2023\/10\/4krs_314-m2_kk-150x150.png 150w, https:\/\/movepitajanmaki.fi\/wp-content\/uploads\/2023\/10\/4krs_314-m2_kk-768x768.png 768w, https:\/\/movepitajanmaki.fi\/wp-content\/uploads\/2023\/10\/4krs_314-m2_kk-1536x1536.png 1536w\" sizes=\"auto, (max-width: 500px) 100vw, 500px\" \/><\/div>\n<div class=\"wpupg-meta-container\">\n    <div class=\"wpupg-item-title wpupg-block-text-bold\">314 m<sup>2<\/sup><\/div>\n    <span class=\"wpupg-item-excerpt wpupg-block-text-normal\">4. kerros<\/span>\n<\/div><\/a><a class=\"wpupg-item wpupg-item-post wpupg-item-1208 wpupg-type-toimitila wpupg-item-has-image wpupg-template-simple-with-excerpt wpupg-tax-category-200-500 wpupg-parent-tax-category-200-500 wpupg-item-link\" href=\"https:\/\/movepitajanmaki.fi\/index.php\/en\/toimitila\/314-m2-2\/\" target=\"_self\" data-id=\"1208\" data-order-default=\"1696858332\"><div class=\"wpupg-item-image wpupg-block-image-normal wpupg-align-center\"><img loading=\"lazy\" decoding=\"async\" style=\"border-width: 0px;border-style: solid;border-color: #666666;\" width=\"500\" height=\"500\" src=\"https:\/\/movepitajanmaki.fi\/wp-content\/uploads\/2023\/10\/4krs_314-m2_kk.png\" class=\"skip-lazy disable-lazyload attachment-500x999 size-500x999\" alt=\"\" srcset=\"https:\/\/movepitajanmaki.fi\/wp-content\/uploads\/2023\/10\/4krs_314-m2_kk.png 1920w, https:\/\/movepitajanmaki.fi\/wp-content\/uploads\/2023\/10\/4krs_314-m2_kk-300x300.png 300w, https:\/\/movepitajanmaki.fi\/wp-content\/uploads\/2023\/10\/4krs_314-m2_kk-1024x1024.png 1024w, https:\/\/movepitajanmaki.fi\/wp-content\/uploads\/2023\/10\/4krs_314-m2_kk-150x150.png 150w, https:\/\/movepitajanmaki.fi\/wp-content\/uploads\/2023\/10\/4krs_314-m2_kk-768x768.png 768w, https:\/\/movepitajanmaki.fi\/wp-content\/uploads\/2023\/10\/4krs_314-m2_kk-1536x1536.png 1536w\" sizes=\"auto, (max-width: 500px) 100vw, 500px\" \/><\/div>\n<div class=\"wpupg-meta-container\">\n    <div class=\"wpupg-item-title wpupg-block-text-bold\">314 m<sup>2<\/sup><\/div>\n    <span class=\"wpupg-item-excerpt wpupg-block-text-normal\">4<sup>th<\/sup> floor<\/span>\n<\/div><\/a><\/div><\/div><\/div>\n<\/div><\/div>\n\n<\/div>\n\n<\/div>\n\n\n<div class=\"wp-bootstrap-blocks-container container-fluid mb-2\">\n\t\n<div class=\"wp-bootstrap-blocks-container container mb-2 mtb-40\">\n\t\n\n<a id=\"form\"><\/a>\n\n\n\n<h3 class=\"wp-block-heading has-text-align-center has-text-color\" style=\"color:#2d4d4a\">Inquire about available spaces<\/h3>\n\n<\/div>\n\n<\/div>\n\n\n\n<div class=\"wpcf7 no-js\" id=\"wpcf7-f347-o1\" lang=\"en-US\" dir=\"ltr\" data-wpcf7-id=\"347\">\n<div class=\"screen-reader-response\"><p role=\"status\" aria-live=\"polite\" aria-atomic=\"true\"><\/p> <ul><\/ul><\/div>\n<form action=\"\/index.php\/wp-json\/wp\/v2\/pages\/391#wpcf7-f347-o1\" method=\"post\" class=\"wpcf7-form init\" aria-label=\"Contact form\" novalidate=\"novalidate\" data-status=\"init\">\n<fieldset class=\"hidden-fields-container\"><input type=\"hidden\" name=\"_wpcf7\" value=\"347\" \/><input type=\"hidden\" name=\"_wpcf7_version\" value=\"6.1.5\" \/><input type=\"hidden\" name=\"_wpcf7_locale\" value=\"en_US\" \/><input type=\"hidden\" name=\"_wpcf7_unit_tag\" value=\"wpcf7-f347-o1\" \/><input type=\"hidden\" name=\"_wpcf7_container_post\" value=\"0\" \/><input type=\"hidden\" name=\"_wpcf7_posted_data_hash\" value=\"\" \/>\n<\/fieldset>\n<div class=\"wp-bootstrap-blocks-container container-fluid bg-white contact-us-form\">\n\t<div class=\"wp-bootstrap-blocks-container container-lg ptb-40\">\n\t\t<div class=\"wp-bootstrap-blocks-row row\">\n\t\t\t<div class=\"col-12 col-md-4\">\n\t\t\t\t<p><span class=\"wpcf7-form-control-wrap\" data-name=\"your-name\"><input size=\"70\" maxlength=\"400\" class=\"wpcf7-form-control wpcf7-text wpcf7-validates-as-required\" aria-required=\"true\" aria-invalid=\"false\" placeholder=\"Name\" value=\"\" type=\"text\" name=\"your-name\" \/><\/span>\n\t\t\t\t<\/p>\n\t\t\t<\/div>\n\t\t\t<div class=\"col-12 col-md-4\">\n\t\t\t\t<p><span class=\"wpcf7-form-control-wrap\" data-name=\"your-email\"><input size=\"70\" maxlength=\"400\" class=\"wpcf7-form-control wpcf7-email wpcf7-validates-as-required wpcf7-text wpcf7-validates-as-email\" aria-required=\"true\" aria-invalid=\"false\" placeholder=\"E-mail\" value=\"\" type=\"email\" name=\"your-email\" \/><\/span>\n\t\t\t\t<\/p>\n\t\t\t<\/div>\n\t\t\t<div class=\"col-12 col-md-4\">\n\t\t\t\t<p><span class=\"wpcf7-form-control-wrap\" data-name=\"your-phone\"><input size=\"70\" maxlength=\"400\" class=\"wpcf7-form-control wpcf7-tel wpcf7-text wpcf7-validates-as-tel\" aria-invalid=\"false\" placeholder=\"Phone\" value=\"\" type=\"tel\" name=\"your-phone\" \/><\/span>\n\t\t\t\t<\/p>\n\t\t\t<\/div>\n\t\t<\/div>\n\t\t<div class=\"wp-bootstrap-blocks-row row\">\n\t\t\t<div class=\"col-12\">\n\t\t\t\t<p><span class=\"wpcf7-form-control-wrap\" data-name=\"your-subject\"><input size=\"300\" maxlength=\"400\" class=\"wpcf7-form-control wpcf7-text\" aria-invalid=\"false\" placeholder=\"Subject\" value=\"\" type=\"text\" name=\"your-subject\" \/><\/span>\n\t\t\t\t<\/p>\n\t\t\t<\/div>\n\t\t<\/div>\n\t\t<div class=\"wp-bootstrap-blocks-row row\">\n\t\t\t<p><span id=\"wpcf7-69e189bed0c6c-wrapper\" class=\"wpcf7-form-control-wrap honeypot-22-wrap\" style=\"display:none !important; visibility:hidden !important;\"><label for=\"wpcf7-69e189bed0c6c-field\" class=\"hp-message\">Please leave this field empty.<\/label><input id=\"wpcf7-69e189bed0c6c-field\"  class=\"wpcf7-form-control wpcf7-text\" type=\"text\" name=\"honeypot-22\" value=\"\" size=\"40\" tabindex=\"-1\" autocomplete=\"new-password\" \/><\/span>\n\t\t\t<\/p>\n\t\t\t<div class=\"col-12\">\n\t\t\t\t<p><span class=\"wpcf7-form-control-wrap\" data-name=\"your-message\"><textarea cols=\"300\" rows=\"10\" maxlength=\"2000\" class=\"wpcf7-form-control wpcf7-textarea\" aria-invalid=\"false\" placeholder=\"Your message\" name=\"your-message\"><\/textarea><\/span>\n\t\t\t\t<\/p>\n\t\t\t<\/div>\n\t\t<\/div>\n\t\t<div class=\"wp-bootstrap-blocks-row row\">\n\t\t\t<div class=\"col-12\">\n\t\t\t\t<center>\n\t\t\t\t\t<p><input class=\"wpcf7-form-control wpcf7-submit has-spinner\" type=\"submit\" value=\"SEND\" \/> &nbsp; <input type=\"reset\" value=\"CANCEL\" \/>\n\t\t\t\t\t<\/p>\n\t\t\t\t<\/center>\n\t\t\t<\/div>\n\t\t<\/div>\n\t<\/div>\n<\/div>\n<p><span id=\"wpcf7-69e189bed0d30-wrapper\" class=\"wpcf7-form-control-wrap honeypot-918-wrap\" style=\"display:none !important; visibility:hidden !important;\"><label for=\"wpcf7-69e189bed0d30-field\" class=\"hp-message\">Please leave this field empty.<\/label><input id=\"wpcf7-69e189bed0d30-field\"  class=\"wpcf7-form-control wpcf7-text\" type=\"text\" name=\"honeypot-918\" value=\"\" size=\"40\" tabindex=\"-1\" autocomplete=\"new-password\" \/><\/span>\n<\/p><div class=\"wpcf7-response-output\" aria-hidden=\"true\"><\/div>\n<\/form>\n<\/div>\n\n\n\n<div class=\"wp-bootstrap-blocks-container container-fluid mb-0 bg-lightgray\">\n\t\n<div class=\"wp-bootstrap-blocks-container container-lg mb-0 ptb-40\">\n\t\n\n<h2 class=\"wp-block-heading ptb-40\">Move in Brief<\/h2>\n\n\n<div class=\"wp-bootstrap-blocks-row row\">\n\t\n\n<div class=\"col-12 col-md-6\">\n\t\t\t\n\n<p>Move is centrally located on the recently renewed main boulevard that divides old Pit\u00e4j\u00e4nm\u00e4ki from the new, developing Tali area. Move offers fast and easy access to the airport the City Centre and in all directions across the metropolitan area by both car and public transport. Light rail line 15 stops at the station in front of Move.\u00a0<br><\/p>\n\n\n\n<p><\/p>\n\n\n\n<p>Move is a fresh modern building, one of the newest in the area, offering flexible office spaces with the services and sport facilities that support the wellbeing of tenant employees. These include a gym, high-quality lobby services, two restaurants, meeting rooms, catering, showers and changing rooms for cyclists &amp; runners and a variety of different sized storage facilities.<br><\/p>\n\n\n\n<p><\/p>\n\n\n\n<p>Move has 6 floors above the ground and 3 floors underneath with two wings. The building offers\u00a010,000 sqm\u00a0of leasable space and 200 parking spaces in its own\u00a0heated\u00a0garage, including\u00a0EV charging stations.\u00a0Good visitor parking is also available. <\/p>\n\n\t<\/div>\n\n\n\n<div class=\"col-12 col-md-6\">\n\t\t\t\n\n<p>With sustainability and energy efficiency as part of Move\u2019s wellbeing values, LEED certification is already in place.<\/p>\n\n\n\n<p><\/p>\n\n\n\n<p>During 2023, Move has further enhanced the entrance, lobby, and restaurant refurbishments.\u00a0The new restaurant Pause offers versatile services and cozy living room spaces for Move&#8217;s tenants.\u00a0The gym Elixia will renovate its gym facilities in the summer of 2024. Also, Elixia provides Move\u2019s tenants with great benefits of the memberships. Additionally, commuter cyclists and runners are served by functional shower and locker room facilities with storage. Move\u2019s large courtyard features a pleasant summer terrace, as well as a roof terrace.<\/p>\n\n\n\n<p><\/p>\n\n\n\n<p>Move is already home to important and successful tenants such as:\u00a0Elixia, Subway, Ravintola Pause, Compass Group, Suomen Punainen Risti, 9Lives, CIL Suomi, Uudenmaan Mestari-rakentajat, Aino Health Management, Worker Etel\u00e4-Suomi, Flatpay ja Eurolaite.<\/p>\n\n\t<\/div>\n\n<\/div>\n\n<\/div>\n\n<\/div>\n","protected":false},"excerpt":{"rendered":"","protected":false},"author":1,"featured_media":0,"parent":0,"menu_order":0,"comment_status":"closed","ping_status":"closed","template":"","meta":{"inline_featured_image":false,"wpupg_custom_link":[],"wpupg_custom_link_behaviour":[],"wpupg_custom_link_nofollow":[],"wpupg_custom_image":[],"wpupg_custom_image_id":[],"footnotes":""},"class_list":["post-391","page","type-page","status-publish","hentry"],"_links":{"self":[{"href":"https:\/\/movepitajanmaki.fi\/index.php\/wp-json\/wp\/v2\/pages\/391","targetHints":{"allow":["GET"]}}],"collection":[{"href":"https:\/\/movepitajanmaki.fi\/index.php\/wp-json\/wp\/v2\/pages"}],"about":[{"href":"https:\/\/movepitajanmaki.fi\/index.php\/wp-json\/wp\/v2\/types\/page"}],"author":[{"embeddable":true,"href":"https:\/\/movepitajanmaki.fi\/index.php\/wp-json\/wp\/v2\/users\/1"}],"replies":[{"embeddable":true,"href":"https:\/\/movepitajanmaki.fi\/index.php\/wp-json\/wp\/v2\/comments?post=391"}],"version-history":[{"count":51,"href":"https:\/\/movepitajanmaki.fi\/index.php\/wp-json\/wp\/v2\/pages\/391\/revisions"}],"predecessor-version":[{"id":1555,"href":"https:\/\/movepitajanmaki.fi\/index.php\/wp-json\/wp\/v2\/pages\/391\/revisions\/1555"}],"wp:attachment":[{"href":"https:\/\/movepitajanmaki.fi\/index.php\/wp-json\/wp\/v2\/media?parent=391"}],"curies":[{"name":"wp","href":"https:\/\/api.w.org\/{rel}","templated":true}]}}