{"id":721,"date":"2020-10-26T13:28:19","date_gmt":"2020-10-26T13:28:19","guid":{"rendered":"https:\/\/movepitajanmaki.fi\/?page_id=721"},"modified":"2026-02-01T20:08:29","modified_gmt":"2026-02-01T18:08:29","slug":"palvelut","status":"publish","type":"page","link":"https:\/\/movepitajanmaki.fi\/index.php\/palvelut\/","title":{"rendered":"Palvelut"},"content":{"rendered":"<div class=\"wp-bootstrap-blocks-container container-fluid mb-2\">\n\t\n<div class=\"wp-bootstrap-blocks-container container mb-2 mtb-40\">\n\t\n\n<h3 class=\"wp-block-heading has-text-align-center has-text-color\" style=\"color:#2d4d4a\">Laadukkaat palvelut ja puitteet onnistumisiin ty\u00f6ss\u00e4<\/h3>\n\n<\/div>\n\n<\/div>\n\n\n<div class=\"wp-bootstrap-blocks-container container-fluid mb-2\">\n\t\n<div class=\"wp-bootstrap-blocks-container container mb-2 mtb-40\">\n\t\n\n<p class=\"has-text-align-center\">Movessa kaikki \u2013 saapumishetkest\u00e4 kotiinl\u00e4ht\u00f6\u00f6n \u2013 on mietitty tekem\u00e4\u00e4n ty\u00f6nteosta tehokasta ja palkitsevaa. Osaava aulahenkil\u00f6st\u00f6mme palveluineen, monipuoliset kokoustilat, erinomaiset catering-vaihtoehdot, uusi ravintola Pause ja Subway-pikaruokaravintola, t\u00e4ysin varusteltu kuntosali, ty\u00f6matkapy\u00f6r\u00e4ilij\u00f6iden palvelut ja riitt\u00e4v\u00e4t pys\u00e4k\u00f6intipaikat sis\u00e4ll\u00e4 ja ulkona. Voitko toivoa enemp\u00e4\u00e4?<\/p>\n\n<\/div>\n\n<\/div>\n\n\n<div class=\"wp-bootstrap-blocks-container container-fluid mb-0 mtb-60 bg-lightwhite restaurant services\">\n\t\n<div class=\"wp-bootstrap-blocks-container container-lg mb-0\">\n\t\n\n<a name=\"ravintolat\" id=\"ravintolat\"> <\/a>\n\n\n\n<h3 class=\"wp-block-heading has-text-align-center has-text-color\" style=\"color:#2d4d4a\">Ravintolat<\/h3>\n\n\n\n<a name=\"ravintola-pause\" id=\"ravintola-pause\"> <\/a>\n\n\n\n<div class=\"col-12\">\n<div class=\"pause-carousel\">\n        <div id=\"cptbc_710\" class=\"carousel slide carousel-fade\"  data-ride=\"carousel\" data-interval=\"3000\">\n\n                                <ol class=\"carousel-indicators\">\n                                            <li data-target=\"#cptbc_710\" data-slide-to=\"0\" class=\"active\"><\/li>\n                                            <li data-target=\"#cptbc_710\" data-slide-to=\"1\" ><\/li>\n                                            <li data-target=\"#cptbc_710\" data-slide-to=\"2\" ><\/li>\n                                            <li data-target=\"#cptbc_710\" data-slide-to=\"3\" ><\/li>\n                                        <\/ol>\n                \n            <div class=\"carousel-inner\">\n            \n                <div class=\"carousel-item active\" id=\"cptbc-item-1224\"  style=\"height: 640px;  background: url('https:\/\/movepitajanmaki.fi\/wp-content\/uploads\/2020\/09\/1099633-min-scaled.jpg') no-repeat center center ; -webkit-background-size: cover; -moz-background-size: cover; -o-background-size: cover; background-size: cover;\">\n                                    <\/div>\n            \n                <div class=\"carousel-item \" id=\"cptbc-item-1225\"  style=\"height: 640px;  background: url('https:\/\/movepitajanmaki.fi\/wp-content\/uploads\/2023\/11\/1099571-min-scaled.jpg') no-repeat center center ; -webkit-background-size: cover; -moz-background-size: cover; -o-background-size: cover; background-size: cover;\">\n                                    <\/div>\n            \n                <div class=\"carousel-item \" id=\"cptbc-item-1226\"  style=\"height: 640px;  background: url('https:\/\/movepitajanmaki.fi\/wp-content\/uploads\/2023\/11\/DSC01212-min-scaled.jpg') no-repeat center center ; -webkit-background-size: cover; -moz-background-size: cover; -o-background-size: cover; background-size: cover;\">\n                                    <\/div>\n            \n                <div class=\"carousel-item \" id=\"cptbc-item-1355\"  style=\"height: 640px;  background: url('https:\/\/movepitajanmaki.fi\/wp-content\/uploads\/2024\/02\/DSC01230-min-scaled.jpg') no-repeat center center ; -webkit-background-size: cover; -moz-background-size: cover; -o-background-size: cover; background-size: cover;\">\n                                    <\/div>\n                        <\/div>\n\n                                <a class=\"carousel-control-prev\" role=\"button\" href=\"#cptbc_710\" data-slide=\"prev\"><span class=\"carousel-control-prev-icon icon-prev\"><\/span><\/a>\n                    <a class=\"carousel-control-next\" role=\"button\" href=\"#cptbc_710\" data-slide=\"next\"><span class=\"carousel-control-next-icon icon-next\"><\/span><\/a>\n                \n        <\/div>\n\n        \n<\/div>\n<\/div>\n\n\n<div class=\"wp-bootstrap-blocks-row row mtb-30\">\n\t\n\n<div class=\"col-12 col-md-6 ptb-30 text-center\">\n\t\t\t\n\n<figure class=\"wp-block-image size-medium\"><img loading=\"lazy\" decoding=\"async\" width=\"400\" height=\"150\" src=\"https:\/\/movepitajanmaki.fi\/wp-content\/uploads\/2023\/10\/logo_pause.png\" alt=\"\" class=\"wp-image-1221\" srcset=\"https:\/\/movepitajanmaki.fi\/wp-content\/uploads\/2023\/10\/logo_pause.png 400w, https:\/\/movepitajanmaki.fi\/wp-content\/uploads\/2023\/10\/logo_pause-300x113.png 300w\" sizes=\"auto, (max-width: 400px) 100vw, 400px\" \/><\/figure>\n\n\n\n<h5 class=\"wp-block-heading\"> &nbsp;<\/h5>\n\n\t<\/div>\n\n\n\n<div class=\"col-12 col-md-6 ptb-40\">\n\t\t\t\n\n<h4 class=\"wp-block-heading has-text-color\" style=\"color:#2d4d4a\">Ravintola Pause<\/h4>\n\n\n\n<p class=\"has-text-align-left\">Moveen on avautunut uusi ja monipuolinen ravintola Pause. Ravintolauudistus oli osa Moven kokonaisvaltaista uudistusta, mink\u00e4 johdosta muun muassa kiinteist\u00f6n aula sai my\u00f6s uuden ilmeen. Ravintolatilat modernisoitiin viihtyis\u00e4ksi palvelutilaksi ja Movelaisten olohuoneeksi. Pauseen voi tulla viihtym\u00e4\u00e4n ja nauttimaan herkuista sen aukioloaikojen mukaisesti arkisin klo 7.45\u201316.00. Moven vuokralaisena Pausea voi k\u00e4ytt\u00e4\u00e4 olohuoneena ja taukopaikkana my\u00f6s iltaisin ja viikonloppuisin. Pause on Compass Groupin omistama ja operoima.<\/p>\n\n\n\n<p class=\"has-text-align-left\">Ruokapalvelut laajentuivat laadukkaaksi palvelukokonaisuudeksi huomioiden vastuullisuus- ja hyvinvointiarvot. Ravintola Pausesta saa monipuolisesti erilaisia hyvinvointia tukevia lounasvaihtoehtoja, runsas aamiaistarjoama sek\u00e4 Cafe- ja take away -pisteet, jotka palvelevat Movelaisia ymp\u00e4ri vuorokauden. Pausesta l\u00f6yd\u00e4t my\u00f6s kokouksiin varattavan lounaskabinetin. Lis\u00e4ksi kokoustarjoilut uudistuivat ja ne voi helposti tilata etuk\u00e4teen ravintolan varausj\u00e4rjestelm\u00e4st\u00e4.<\/p>\n\n\n\n<p class=\"has-text-align-left\">Olisiko Pausen paikka? Tervetuloa nauttimaan!<\/p>\n\n\n\n<h5 class=\"wp-block-heading\"> &nbsp;<\/h5>\n\n\t<\/div>\n\n<\/div>\n\n\n<div class=\"wp-bootstrap-blocks-row row mtb-30\">\n\t\n\n<div class=\"col-12 col-md-6\">\n\t\t\t\n<div class=\"wp-bootstrap-blocks-button text-center\">\n\t<a\n\t\thref=\"https:\/\/www.compass-group.fi\/ravintolat-ja-ruokalistat\/muut-avoimet-ravintolat\/kaupungit\/helsinki\/ravintola-pause\/\"\n\t\t\t\t\t\tclass=\"btn lightgray bg-green btn-secondary\"\n\t>\n\t\tKATSO VIIKON LOUNASMENU\t<\/a>\n<\/div>\n\n\n\n<div style=\"height:41px\" aria-hidden=\"true\" class=\"wp-block-spacer\"><\/div>\n\n\n<div class=\"wp-bootstrap-blocks-button text-center\">\n\t<a\n\t\thref=\"https:\/\/compass.asio.fi\/onlinekalenteri\/compass\/guest.php?page=kirjautuminen\"\n\t\t\t\t\t\tclass=\"btn lightgray bg-green btn-secondary\"\n\t>\n\t\tVARAA CATERING-TARJOILUT\t<\/a>\n<\/div>\n\n\t<\/div>\n\n\n\n<div class=\"col-12 col-md-6\">\n\t\t\t\n<!-- button here -->\n\t<\/div>\n\n<\/div>\n\n<\/div>\n\n\n<div class=\"wp-bootstrap-blocks-container container-lg mb-0\">\n\t\n\n<a name=\"ravintola-subway\" id=\"ravintola-subway\"> <\/a>\n\n\n<div class=\"wp-bootstrap-blocks-row row mtb-40\">\n\t\n\n<div class=\"col-12 col-md-6 ptb-30 text-center\">\n\t\t\t\n\n<figure class=\"wp-block-image size-medium\"><img loading=\"lazy\" decoding=\"async\" width=\"400\" height=\"90\" src=\"https:\/\/movepitajanmaki.fi\/wp-content\/uploads\/2023\/10\/logo_subway.png\" alt=\"\" class=\"wp-image-1222\" srcset=\"https:\/\/movepitajanmaki.fi\/wp-content\/uploads\/2023\/10\/logo_subway.png 400w, https:\/\/movepitajanmaki.fi\/wp-content\/uploads\/2023\/10\/logo_subway-300x68.png 300w\" sizes=\"auto, (max-width: 400px) 100vw, 400px\" \/><\/figure>\n\n\n\n<h5 class=\"wp-block-heading\"> &nbsp;<\/h5>\n\n\t<\/div>\n\n\n\n<div class=\"col-12 col-md-6 ptb-40\">\n\t\t\t\n\n<h4 class=\"wp-block-heading has-text-color\" style=\"color:#2d4d4a\">Subway<\/h4>\n\n\n\n<p class=\"has-text-align-left\">Moven ravintolatarjoamaan kuuluu my\u00f6s talon katutasossa sijaitseva suosittu pikaruokaravintola Subway. Ravintola tarjoaa herkullisia ja nopeita vaihtoehtoja Moven vuokralaisille sek\u00e4 alueen asukkaille. Ravintola palvelee asiakkaita arkisin ja viikonloppuisin ravintolan aukioloaikojen mukaisesti.<\/p>\n\n\n\n<h5 class=\"wp-block-heading\"> &nbsp;<\/h5>\n\n\t<\/div>\n\n<\/div>\n\n<\/div>\n\n<\/div>\n\n\n<div class=\"wp-bootstrap-blocks-container container-fluid mb-0 mt-0 mtb-60 bg-lightgray restaurant services\">\n\t\n<div class=\"wp-bootstrap-blocks-container container-lg mb-0\">\n\t\n\n<a name=\"kokoustilat\" id=\"kokoustilat\"> <\/a>\n\n\n\n<h3 class=\"wp-block-heading has-text-align-center has-text-color\" style=\"color:#2d4d4a\">Kokouspalvelut<\/h3>\n\n\n<div class=\"wp-bootstrap-blocks-row row mtb-60\">\n\t\n\n<div class=\"col-12 col-md-6\">\n\t\t\t\n\n<p class=\"has-text-align-left\">Moven kokouspalvelut laajenevat.<\/p>\n\n\n\n<p class=\"has-text-align-left\">Vuokralaisten k\u00e4yt\u00f6ss\u00e4 on kolme erikokoista varattavaa neuvottelutilaa, kaksi n\u00e4ist\u00e4 sijaitsee 1. kerroksessa pihatasossa.&nbsp;Ravintola Pausen Pellava-lounaskabinetti yksityisi\u00e4 tilaisuuksia ja kokouksia varten sijaitsee&nbsp;sis\u00e4\u00e4ntulokerroksessa, ja&nbsp;on helposti vuokrattavissa varausj\u00e4rjestelm\u00e4n kautta.<\/p>\n\n\n\n<p class=\"has-text-align-left\">Kokoustiloissa on internetyhteys sek\u00e4 laadukas AV-j\u00e4rjestelm\u00e4. Aulahenkil\u00f6kunta opastaa niiden k\u00e4yt\u00f6ss\u00e4. Neuvottelutilat tarjoiluineen on varattavissa aulapalvelusta tai varausj\u00e4rjestelm\u00e4n kautta. Runsaat ja herkulliset  kokoustarjoilut tarjoavat ravintola Pause, ja tarjoilut voi my\u00f6s varata varausj\u00e4rjestelm\u00e4n kautta.<\/p>\n\n\n\n<h2 class=\"wp-block-heading\"> &nbsp;<\/h2>\n\n\t<\/div>\n\n\n\n<div class=\"col-12 col-md-6\">\n\t\t\t\n\n<figure class=\"wp-block-table bg-white\"><table><thead><tr><th class=\"has-text-align-left\" data-align=\"left\">Neuvotteluhuoneet<\/th><th class=\"has-text-align-right\" data-align=\"right\"><\/th><\/tr><\/thead><tbody><tr><td class=\"has-text-align-left\" data-align=\"left\"><strong>Neuvotteluhuone Villa<\/strong><\/td><td class=\"has-text-align-right\" data-align=\"right\">12 henkil\u00f6\u00e4<\/td><\/tr><tr><td class=\"has-text-align-left\" data-align=\"left\"><strong>Neuvotteluhuone Silkki<\/strong><\/td><td class=\"has-text-align-right\" data-align=\"right\">14 henkil\u00f6\u00e4<\/td><\/tr><tr><td class=\"has-text-align-left\" data-align=\"left\"><strong>Neuvotteluhuone Pellava<\/strong><\/td><td class=\"has-text-align-right\" data-align=\"right\">10 henkil\u00f6\u00e4<\/td><\/tr><tr><td class=\"has-text-align-left\" data-align=\"left\"><strong>Koulutustila K1<\/strong><\/td><td class=\"has-text-align-right\" data-align=\"right\">30 henkil\u00f6\u00e4<\/td><\/tr><\/tbody><\/table><\/figure>\n\n\t<\/div>\n\n<\/div>\n\n\n\n<div class=\"col-12\">\n<div class=\"pause-carousel\">\n        <div id=\"cptbc_364\" class=\"carousel slide carousel-fade\"  data-ride=\"carousel\" data-interval=\"3000\">\n\n                                <ol class=\"carousel-indicators\">\n                                            <li data-target=\"#cptbc_364\" data-slide-to=\"0\" class=\"active\"><\/li>\n                                            <li data-target=\"#cptbc_364\" data-slide-to=\"1\" ><\/li>\n                                            <li data-target=\"#cptbc_364\" data-slide-to=\"2\" ><\/li>\n                                        <\/ol>\n                \n            <div class=\"carousel-inner\">\n            \n                <div class=\"carousel-item active\" id=\"cptbc-item-1327\"  style=\"height: 640px;  background: url('https:\/\/movepitajanmaki.fi\/wp-content\/uploads\/2023\/11\/1099529-min-scaled.jpg') no-repeat center center ; -webkit-background-size: cover; -moz-background-size: cover; -o-background-size: cover; background-size: cover;\">\n                                    <\/div>\n            \n                <div class=\"carousel-item \" id=\"cptbc-item-1329\"  style=\"height: 640px;  background: url('https:\/\/movepitajanmaki.fi\/wp-content\/uploads\/2023\/11\/Neuvottelutila-1-min.png') no-repeat center center ; -webkit-background-size: cover; -moz-background-size: cover; -o-background-size: cover; background-size: cover;\">\n                                    <\/div>\n            \n                <div class=\"carousel-item \" id=\"cptbc-item-1358\"  style=\"height: 640px;  background: url('https:\/\/movepitajanmaki.fi\/wp-content\/uploads\/2023\/11\/Neuvottelutila-2-min-scaled.jpg') no-repeat center center ; -webkit-background-size: cover; -moz-background-size: cover; -o-background-size: cover; background-size: cover;\">\n                                    <\/div>\n                        <\/div>\n\n                                <a class=\"carousel-control-prev\" role=\"button\" href=\"#cptbc_364\" data-slide=\"prev\"><span class=\"carousel-control-prev-icon icon-prev\"><\/span><\/a>\n                    <a class=\"carousel-control-next\" role=\"button\" href=\"#cptbc_364\" data-slide=\"next\"><span class=\"carousel-control-next-icon icon-next\"><\/span><\/a>\n                \n        <\/div>\n\n        \n<\/div>\n<\/div>\n\n\n\n<p class=\"has-text-align-left\"><p class=\"has-text-align-center\">Neuvotteluhuoneita voivat varata muutkin kuin Movelaiset hintaan 30 \u20ac\/tunti tai 140 \u20ac\/p\u00e4iv\u00e4 + alv.<br>Neuvotteluhuoneet ovat Moven vuokralaisten varattavissa hintaan 20 \u20ac\/h tai 100 \u20ac\/p\u00e4iv\u00e4 + alv.<\/p><\/p>\n\n\n\n<p class=\"has-text-align-left\"><p class=\"has-text-align-center\">Kokoustilat- ja tarjoilut voidaan varata samalla kertaa varausj\u00e4rjestelm\u00e4n kautta ja ne veloitetaan yhdelt\u00e4 laskulta.<br>Kokoustiloihin ja tarjoiluihin liittyviss\u00e4 asioissa voit olla my\u00f6s yhteydess\u00e4 aulaan: move.aulapalvelut@compass-group.fi<\/p><\/p> \n\n<div style=\"height:41px\" aria-hidden=\"true\" class=\"wp-block-spacer\"><\/div>\n\n<div class=\"wp-bootstrap-blocks-button text-center\">\n\t<a\n\t\thref=\"https:\/\/compass.asio.fi\/onlinekalenteri\/compass\/guest.php?page=kirjautuminen\"\n\t\t\t\t\t\tclass=\"btn lightgray bg-green btn-secondary\"\n\t>\n\t\tVARAA KOKOUSTILAT\t<\/a>\n<\/div>\n\n\n<div style=\"height:41px\" aria-hidden=\"true\" class=\"wp-block-spacer\"><\/div>\n\n<div class=\"wp-bootstrap-blocks-button text-center\">\n\t<a\n\t\thref=\"https:\/\/compass.asio.fi\/onlinekalenteri\/compass\/guest.php?page=kirjautuminen\"\n\t\t\t\t\t\tclass=\"btn lightgray bg-green btn-secondary\"\n\t>\n\t\tVARAA KOKOUSTARJOILUT\t<\/a>\n<\/div>\n\n<\/p>\n\n<\/div>\n\n<\/div>\n\n\n\n<a name=\"kuntosali\" id=\"kuntosali\"> <\/a>\n\n\n<div class=\"wp-bootstrap-blocks-container container-fluid mb-0 bg-white mtb-60\">\n\t\n<div class=\"wp-bootstrap-blocks-container container-lg mb-0 mtb-60 ptb-40\">\n\t\n<div class=\"wp-bootstrap-blocks-row row\">\n\t\n\n<div class=\"col-12 col-md-6\">\n\t\t\t\n\n<figure class=\"wp-block-image size-large\"><img loading=\"lazy\" decoding=\"async\" width=\"1024\" height=\"1024\" src=\"https:\/\/movepitajanmaki.fi\/wp-content\/uploads\/2023\/03\/move-gym-1024x1024.jpg\" alt=\"\" class=\"wp-image-946\" srcset=\"https:\/\/movepitajanmaki.fi\/wp-content\/uploads\/2023\/03\/move-gym-1024x1024.jpg 1024w, https:\/\/movepitajanmaki.fi\/wp-content\/uploads\/2023\/03\/move-gym-300x300.jpg 300w, https:\/\/movepitajanmaki.fi\/wp-content\/uploads\/2023\/03\/move-gym-150x150.jpg 150w, https:\/\/movepitajanmaki.fi\/wp-content\/uploads\/2023\/03\/move-gym-768x768.jpg 768w, https:\/\/movepitajanmaki.fi\/wp-content\/uploads\/2023\/03\/move-gym.jpg 1080w\" sizes=\"auto, (max-width: 1024px) 100vw, 1024px\" \/><\/figure>\n\n\t<\/div>\n\n\n\n<div class=\"col-12 col-md-6 ptb-20\">\n\t\t\t\n\n<h3 class=\"wp-block-heading has-text-align-left mtb-20 has-text-color\" style=\"color:#2d4d4a\">Kuntosali<\/h3>\n\n\n\n<p>Elixia Pit\u00e4j\u00e4nm\u00e4ki on t\u00e4yden palvelun kuntokeskus. Saman katon alta l\u00f6ytyy kattavasti varusteltu kuntosali, hyv\u00e4t ryhm\u00e4liikuntatilat sek\u00e4 turvallinen ja mukava lasten leikkipaikka. Movelaiset saavat kuntosalin j\u00e4senyydest\u00e4 hyv\u00e4n edun.&nbsp;<\/p>\n\n\n\n<h3 class=\"wp-block-heading has-text-align-left mtb-20 has-text-color\" style=\"color:#2d4d4a\">Py\u00f6r\u00e4ilij\u00e4t ja juoksijat<\/h3>\n\n\n\n<p>Ty\u00f6matkapy\u00f6r\u00e4ilij\u00f6it\u00e4 ja juoksijoita palvelee toimivat suihkutilat ja pukuhuoneet s\u00e4ilytystiloineen.<\/p>\n\n\t<\/div>\n\n<\/div>\n\n<\/div>\n\n<\/div>\n\n\n<div class=\"wp-bootstrap-blocks-container container-fluid mb-0 bg-lightgray services\">\n\t\n<div class=\"wp-bootstrap-blocks-container container-xl mb-2 mt-0 mb-0 mtb-0 ptb-40\">\n\t\n<div class=\"wp-bootstrap-blocks-row row\">\n\t\n\n<div class=\"col-12 col-md-4\">\n\t\t\t\n\n<p><h4>Kiinteist\u00f6n palvelut:<\/h4><br><\/p><figure class=\"wp-block-table\"><table><tbody><tr><td><img decoding=\"async\" style=\"width: 26px;\" src=\"https:\/\/movepitajanmaki.fi\/wp-content\/uploads\/2023\/03\/service-ico-placeholder.svg\" alt=\"\"><\/td><td>Laadukkaat aulapalvelut<br><\/td><\/tr><tr><td><img decoding=\"async\" style=\"width: 22px;\" src=\"https:\/\/movepitajanmaki.fi\/wp-content\/uploads\/2023\/03\/service-ico-placeholder.svg\" alt=\"\"><\/td><td>Kaksi ravintolaa<br><\/td><\/tr><tr><td><img decoding=\"async\" style=\"width: 24px;\" src=\"https:\/\/movepitajanmaki.fi\/wp-content\/uploads\/2023\/03\/service-ico-placeholder.svg\" alt=\"\"><\/td><td>Catering<br><\/td><\/tr><tr><td><img decoding=\"async\" style=\"width: 26px;\" src=\"https:\/\/movepitajanmaki.fi\/wp-content\/uploads\/2023\/03\/service-ico-placeholder.svg\" alt=\"\"><\/td><td>Kuntosali\n<br><\/td><\/tr><tr><td><img decoding=\"async\" style=\"width: 26px;\" src=\"https:\/\/movepitajanmaki.fi\/wp-content\/uploads\/2023\/03\/service-ico-placeholder.svg\" alt=\"\"><\/td><td>Vuokrattavia kokoustiloja<\/td><\/tr><tr><td><img decoding=\"async\" style=\"width: 26px;\" src=\"https:\/\/movepitajanmaki.fi\/wp-content\/uploads\/2023\/03\/service-ico-placeholder.svg\" alt=\"\"><\/td><td>Ty\u00f6matkapy\u00f6r\u00e4ilij\u00f6iden tarvitsemat palvelut<\/td><\/tr><tr><td><img decoding=\"async\" style=\"width: 26px;\" src=\"https:\/\/movepitajanmaki.fi\/wp-content\/uploads\/2023\/03\/service-ico-placeholder.svg\" alt=\"\"><\/td><td>Vuokrattavia varastotiloja<\/td><\/tr><\/tbody><\/table><\/figure><br><p><h4>Pys\u00e4k\u00f6inti:<\/h4><br>\nPys\u00e4k\u00f6intitiloja kellarissa sek\u00e4 kiinteist\u00f6n pihalla. Vieraspaikat ovat piha-alueella. S\u00e4hk\u00f6autoilijat on otettu huomioon latauspaikoilla. <\/p>\n\n\t<\/div>\n\n\n\n<div class=\"col-12 col-md-4\">\n\t\t\t\n\n<div class=\"wp-block-group\"><div class=\"wp-block-group__inner-container is-layout-flow wp-block-group-is-layout-flow\">\n<div id=\"wpgmza_map\" class=\"wpgmza_map\" data-settings='{\"id\":\"1\",\"map_title\":\"Move\",\"map_width\":\"100\",\"map_height\":\"320\",\"map_start_lat\":\"60.215074\",\"map_start_lng\":\"24.876392\",\"map_start_location\":\"60.21507409763737,24.87639176262454\",\"map_start_zoom\":\"15\",\"default_marker\":\"0\",\"type\":\"2\",\"alignment\":\"4\",\"directions_enabled\":\"1\",\"styling_enabled\":\"0\",\"styling_json\":\"\",\"active\":\"0\",\"kml\":\"\",\"bicycle\":\"0\",\"traffic\":\"0\",\"dbox\":\"1\",\"dbox_width\":\"100\",\"listmarkers\":\"0\",\"listmarkers_advanced\":\"0\",\"filterbycat\":\"0\",\"ugm_enabled\":\"0\",\"ugm_category_enabled\":\"0\",\"fusion\":\"\",\"map_width_type\":\"\\\\%\",\"map_height_type\":\"px\",\"mass_marker_support\":\"1\",\"ugm_access\":\"0\",\"order_markers_by\":\"1\",\"order_markers_choice\":\"2\",\"show_user_location\":\"0\",\"default_to\":\"\",\"other_settings\":{\"store_locator_enabled\":2,\"store_locator_distance\":2,\"store_locator_default_radius\":10,\"store_locator_not_found_message\":\"No results found in this location. Please try again.\",\"store_locator_bounce\":1,\"store_locator_query_string\":\"ZIP \\\/ Address:\",\"store_locator_default_address\":\"\",\"wpgmza_store_locator_restrict\":\"\",\"wpgmza_store_locator_radius_style\":\"modern\",\"map_max_zoom\":\"1\",\"transport_layer\":0,\"wpgmza_show_points_of_interest\":0,\"wpgmza_auto_night\":0}}' data-map-id='1' Data-maps-engine='open-layers' data-shortcode-attributes='{\"id\":\"1\"}' style=\"display:block; overflow:auto; width:100%; height:320px; float:left;\"><\/div>\n<\/div><\/div>\n\n\n\n<figure class=\"wp-block-table\"><table><tbody><tr><td><img decoding=\"async\" class=\"wp-image-169\" style=\"width: 24px;\" src=\"https:\/\/movepitajanmaki.fi\/wp-content\/uploads\/2023\/03\/service-ico-placeholder.svg\" alt=\"\"><\/td><td>Bussipys\u00e4kki 5 m<\/td><td><img decoding=\"async\" class=\"wp-image-170\" style=\"width: 20px;\" src=\"https:\/\/movepitajanmaki.fi\/wp-content\/uploads\/2023\/03\/service-ico-placeholder.svg\" alt=\"\"><\/td><td>Juna-asema 800 m<\/td><\/tr><tr><td><img decoding=\"async\" class=\"wp-image-171\" style=\"width: 15px;\" src=\"https:\/\/movepitajanmaki.fi\/wp-content\/uploads\/2023\/03\/service-ico-placeholder.svg\" alt=\"\"><\/td><td>Raitiovaunupys\u00e4kki 20 m<\/td><td><img decoding=\"async\" class=\"wp-image-172\" style=\"width: 20px;\" src=\"https:\/\/movepitajanmaki.fi\/wp-content\/uploads\/2023\/03\/service-ico-placeholder.svg\" alt=\"\"><\/td><td>Lentokentt\u00e4 17 km<\/td><\/tr><\/tbody><\/table><\/figure>\n\n\t<\/div>\n\n\n\n<div class=\"col-12 col-md-4\">\n\t\t\t\n\n<p class=\"heebo lh-20\"><strong class=\"darkgreen\">Lis\u00e4tietoja<\/strong><\/p>\n\n\n\n<p class=\"heebo lh-20\">Kimmo Korpela<br>Fokus Nordic Finland Oy<br>p. 050 530 8025<br><a href=\"mailto:kimmo.korpela@fokusnordic.com\">kimmo.korpela@fokusnordic.com<\/a><\/p>\n\n\t<\/div>\n\n<\/div>\n\n\n\n<p><\/p>\n\n<\/div>\n\n<\/div>\n","protected":false},"excerpt":{"rendered":"","protected":false},"author":1,"featured_media":0,"parent":0,"menu_order":0,"comment_status":"closed","ping_status":"closed","template":"","meta":{"inline_featured_image":false,"wpupg_custom_link":[],"wpupg_custom_link_behaviour":[],"wpupg_custom_link_nofollow":[],"wpupg_custom_image":[],"wpupg_custom_image_id":[],"footnotes":""},"class_list":["post-721","page","type-page","status-publish","hentry"],"_links":{"self":[{"href":"https:\/\/movepitajanmaki.fi\/index.php\/wp-json\/wp\/v2\/pages\/721","targetHints":{"allow":["GET"]}}],"collection":[{"href":"https:\/\/movepitajanmaki.fi\/index.php\/wp-json\/wp\/v2\/pages"}],"about":[{"href":"https:\/\/movepitajanmaki.fi\/index.php\/wp-json\/wp\/v2\/types\/page"}],"author":[{"embeddable":true,"href":"https:\/\/movepitajanmaki.fi\/index.php\/wp-json\/wp\/v2\/users\/1"}],"replies":[{"embeddable":true,"href":"https:\/\/movepitajanmaki.fi\/index.php\/wp-json\/wp\/v2\/comments?post=721"}],"version-history":[{"count":34,"href":"https:\/\/movepitajanmaki.fi\/index.php\/wp-json\/wp\/v2\/pages\/721\/revisions"}],"predecessor-version":[{"id":1535,"href":"https:\/\/movepitajanmaki.fi\/index.php\/wp-json\/wp\/v2\/pages\/721\/revisions\/1535"}],"wp:attachment":[{"href":"https:\/\/movepitajanmaki.fi\/index.php\/wp-json\/wp\/v2\/media?parent=721"}],"curies":[{"name":"wp","href":"https:\/\/api.w.org\/{rel}","templated":true}]}}