{"id":722,"date":"2020-10-27T07:00:01","date_gmt":"2020-10-27T07:00:01","guid":{"rendered":"https:\/\/movepitajanmaki.fi\/?page_id=722"},"modified":"2025-06-17T07:42:50","modified_gmt":"2025-06-17T05:42:50","slug":"yhteystiedot","status":"publish","type":"page","link":"https:\/\/movepitajanmaki.fi\/index.php\/yhteystiedot\/","title":{"rendered":"Yhteystiedot"},"content":{"rendered":"<div class=\"wp-bootstrap-blocks-container container-fluid mb-0 bg-lightgray services\">\n\t\n<div class=\"wp-bootstrap-blocks-container container-xl mb-2 mt-0 mb-0 mtb-0 ptb-40\">\n\t\n<div class=\"wp-bootstrap-blocks-row row\">\n\t\n\n<div class=\"col-12 col-md-4\">\n\t\t\t\n\n<p><h4>Kiinteist\u00f6n palvelut:<\/h4><br><\/p><figure class=\"wp-block-table\"><table><tbody><tr><td><img decoding=\"async\" style=\"width: 26px;\" src=\"https:\/\/movepitajanmaki.fi\/wp-content\/uploads\/2023\/03\/service-ico-placeholder.svg\" alt=\"\"><\/td><td>Laadukkaat aulapalvelut<br><\/td><\/tr><tr><td><img decoding=\"async\" style=\"width: 22px;\" src=\"https:\/\/movepitajanmaki.fi\/wp-content\/uploads\/2023\/03\/service-ico-placeholder.svg\" alt=\"\"><\/td><td>Kaksi ravintolaa<br><\/td><\/tr><tr><td><img decoding=\"async\" style=\"width: 24px;\" src=\"https:\/\/movepitajanmaki.fi\/wp-content\/uploads\/2023\/03\/service-ico-placeholder.svg\" alt=\"\"><\/td><td>Catering<br><\/td><\/tr><tr><td><img decoding=\"async\" style=\"width: 26px;\" src=\"https:\/\/movepitajanmaki.fi\/wp-content\/uploads\/2023\/03\/service-ico-placeholder.svg\" alt=\"\"><\/td><td>Kuntosali\n<br><\/td><\/tr><tr><td><img decoding=\"async\" style=\"width: 26px;\" src=\"https:\/\/movepitajanmaki.fi\/wp-content\/uploads\/2023\/03\/service-ico-placeholder.svg\" alt=\"\"><\/td><td>Vuokrattavia kokoustiloja<\/td><\/tr><tr><td><img decoding=\"async\" style=\"width: 26px;\" src=\"https:\/\/movepitajanmaki.fi\/wp-content\/uploads\/2023\/03\/service-ico-placeholder.svg\" alt=\"\"><\/td><td>Ty\u00f6matkapy\u00f6r\u00e4ilij\u00f6iden tarvitsemat palvelut<\/td><\/tr><tr><td><img decoding=\"async\" style=\"width: 26px;\" src=\"https:\/\/movepitajanmaki.fi\/wp-content\/uploads\/2023\/03\/service-ico-placeholder.svg\" alt=\"\"><\/td><td>Vuokrattavia varastotiloja<\/td><\/tr><\/tbody><\/table><\/figure><br><p><h4>Pys\u00e4k\u00f6inti:<\/h4><br>\nPys\u00e4k\u00f6intitiloja kellarissa sek\u00e4 kiinteist\u00f6n pihalla. Vieraspaikat ovat piha-alueella. S\u00e4hk\u00f6autoilijat on otettu huomioon latauspaikoilla. <\/p>\n\n\t<\/div>\n\n\n\n<div class=\"col-12 col-md-4\">\n\t\t\t\n\n<div class=\"wp-block-group\"><div class=\"wp-block-group__inner-container is-layout-flow wp-block-group-is-layout-flow\">\n<div id=\"wpgmza_map\" class=\"wpgmza_map\" data-settings='{\"id\":\"1\",\"map_title\":\"Move\",\"map_width\":\"100\",\"map_height\":\"320\",\"map_start_lat\":\"60.215074\",\"map_start_lng\":\"24.876392\",\"map_start_location\":\"60.21507409763737,24.87639176262454\",\"map_start_zoom\":\"15\",\"default_marker\":\"0\",\"type\":\"2\",\"alignment\":\"4\",\"directions_enabled\":\"1\",\"styling_enabled\":\"0\",\"styling_json\":\"\",\"active\":\"0\",\"kml\":\"\",\"bicycle\":\"0\",\"traffic\":\"0\",\"dbox\":\"1\",\"dbox_width\":\"100\",\"listmarkers\":\"0\",\"listmarkers_advanced\":\"0\",\"filterbycat\":\"0\",\"ugm_enabled\":\"0\",\"ugm_category_enabled\":\"0\",\"fusion\":\"\",\"map_width_type\":\"\\\\%\",\"map_height_type\":\"px\",\"mass_marker_support\":\"1\",\"ugm_access\":\"0\",\"order_markers_by\":\"1\",\"order_markers_choice\":\"2\",\"show_user_location\":\"0\",\"default_to\":\"\",\"other_settings\":{\"store_locator_enabled\":2,\"store_locator_distance\":2,\"store_locator_default_radius\":10,\"store_locator_not_found_message\":\"No results found in this location. Please try again.\",\"store_locator_bounce\":1,\"store_locator_query_string\":\"ZIP \\\/ Address:\",\"store_locator_default_address\":\"\",\"wpgmza_store_locator_restrict\":\"\",\"wpgmza_store_locator_radius_style\":\"modern\",\"map_max_zoom\":\"1\",\"transport_layer\":0,\"wpgmza_show_points_of_interest\":0,\"wpgmza_auto_night\":0}}' data-map-id='1' Data-maps-engine='open-layers' data-shortcode-attributes='{\"id\":\"1\"}' style=\"display:block; overflow:auto; width:100%; height:320px; float:left;\"><\/div>\n<\/div><\/div>\n\n\n\n<figure class=\"wp-block-table\"><table><tbody><tr><td><img decoding=\"async\" class=\"wp-image-169\" style=\"width: 24px;\" src=\"https:\/\/movepitajanmaki.fi\/wp-content\/uploads\/2023\/03\/service-ico-placeholder.svg\" alt=\"\"><\/td><td>Bussipys\u00e4kki 5 m<\/td><td><img decoding=\"async\" class=\"wp-image-170\" style=\"width: 20px;\" src=\"https:\/\/movepitajanmaki.fi\/wp-content\/uploads\/2023\/03\/service-ico-placeholder.svg\" alt=\"\"><\/td><td>Juna-asema 800 m<\/td><\/tr><tr><td><img decoding=\"async\" class=\"wp-image-171\" style=\"width: 15px;\" src=\"https:\/\/movepitajanmaki.fi\/wp-content\/uploads\/2023\/03\/service-ico-placeholder.svg\" alt=\"\"><\/td><td>Raitiovaunupys\u00e4kki 20 m<\/td><td><img decoding=\"async\" class=\"wp-image-172\" style=\"width: 20px;\" src=\"https:\/\/movepitajanmaki.fi\/wp-content\/uploads\/2023\/03\/service-ico-placeholder.svg\" alt=\"\"><\/td><td>Lentokentt\u00e4 17 km<\/td><\/tr><\/tbody><\/table><\/figure>\n\n\t<\/div>\n\n\n\n<div class=\"col-12 col-md-4\">\n\t\t\t\n\n<p class=\"heebo lh-20\"><strong class=\"darkgreen\">Lis\u00e4tietoja<\/strong><\/p>\n\n\n\n<p class=\"heebo lh-20\">Kimmo Korpela<br>Fokus Nordic Finland Oy<br>p. 050 530 8025<br><a href=\"mailto:kimmo.korpela@fokusnordic.com\">kimmo.korpela@fokusnordic.com<\/a><\/p>\n\n\t<\/div>\n\n<\/div>\n\n\n\n<p><\/p>\n\n<\/div>\n\n<\/div>\n\n\n<div class=\"wp-bootstrap-blocks-container container-fluid mb-0 bg-lightwhite mtb-60\">\n\t\n<div class=\"wp-bootstrap-blocks-container container-lg mb-0 mtb-60 ptb-40\">\n\t\n<div class=\"wp-bootstrap-blocks-row row\">\n\t\n\n<div class=\"col-12 col-sm-12 col-md-6 col-lg-3 col-xl-3\">\n\t\t\t\n\n<p><strong>OSOITE<br><\/strong><br>Kutomotie 2, 00380 Helsinki<\/p>\n\n\n\n<p><strong>Moven aulapalvelut:<\/strong><br>Aukioloajat: ma-pe 7:45 \u2013 16:00<br>+358 50 401 0699<br>move.aulapalvelut@compass-group.fi<\/p>\n\n\t<\/div>\n\n\n\n<div class=\"col-12 col-sm-12 col-md-6 col-lg-3 col-xl-3\">\n\t\t\t\n\n<p><strong>KIINTEIST\u00d6VASTAAVA<\/strong><\/p>\n\n\n\n<p><strong>Fokus Nordic Finland Oy<\/strong><br>Kimmo Korpela, Kiinteist\u00f6p\u00e4\u00e4llikk\u00f6<\/p>\n\n\n\n<p>Kimmo.korpela@fokusnordic.com<br>+358 50 530 8025<\/p>\n\n\t<\/div>\n\n\n\n<div class=\"col-12 col-sm-12 col-md-6 col-lg-3 col-xl-3\">\n\t\t\t\n\n<p><strong>HUOLTO<\/strong><\/p>\n\n\n\n<p><strong>Luotea Oyj<br><\/strong>Helpdesk<\/p>\n\n\n\n<p>kiinteistohelp@caverion.com<br>0800 157\u00a0777<\/p>\n\n\t<\/div>\n\n<\/div>\n\n<\/div>\n\n<\/div>\n\n\n<div class=\"wp-bootstrap-blocks-container container-fluid mb-2\">\n\t\n<div class=\"wp-bootstrap-blocks-container container mb-2 mtb-40\">\n\t\n\n<h3 class=\"has-text-align-center has-text-color wp-block-heading\" style=\"color:#2d4d4a\">Tiedustele vapaita tiloja<\/h3>\n\n\n\n<div class=\"wpcf7 no-js\" id=\"wpcf7-f768-o1\" lang=\"en-US\" dir=\"ltr\" data-wpcf7-id=\"768\">\n<div class=\"screen-reader-response\"><p role=\"status\" aria-live=\"polite\" aria-atomic=\"true\"><\/p> <ul><\/ul><\/div>\n<form action=\"\/index.php\/wp-json\/wp\/v2\/pages\/722#wpcf7-f768-o1\" method=\"post\" class=\"wpcf7-form init\" aria-label=\"Contact form\" novalidate=\"novalidate\" data-status=\"init\">\n<fieldset class=\"hidden-fields-container\"><input type=\"hidden\" name=\"_wpcf7\" value=\"768\" \/><input type=\"hidden\" name=\"_wpcf7_version\" value=\"6.1.5\" \/><input type=\"hidden\" name=\"_wpcf7_locale\" value=\"en_US\" \/><input type=\"hidden\" name=\"_wpcf7_unit_tag\" value=\"wpcf7-f768-o1\" \/><input type=\"hidden\" name=\"_wpcf7_container_post\" value=\"0\" \/><input type=\"hidden\" name=\"_wpcf7_posted_data_hash\" value=\"\" \/>\n<\/fieldset>\n<div class=\"wp-bootstrap-blocks-container container-fluid bg-white contact-us-form\">\n\t<div class=\"wp-bootstrap-blocks-container container-lg ptb-40\">\n\t\t<div class=\"wp-bootstrap-blocks-row row\">\n\t\t\t<div class=\"col-12 col-md-4\">\n\t\t\t\t<p><span class=\"wpcf7-form-control-wrap\" data-name=\"your-name\"><input size=\"70\" maxlength=\"400\" class=\"wpcf7-form-control wpcf7-text wpcf7-validates-as-required\" aria-required=\"true\" aria-invalid=\"false\" placeholder=\"Nimi\" value=\"\" type=\"text\" name=\"your-name\" \/><\/span>\n\t\t\t\t<\/p>\n\t\t\t<\/div>\n\t\t\t<div class=\"col-12 col-md-4\">\n\t\t\t\t<p><span class=\"wpcf7-form-control-wrap\" data-name=\"your-email\"><input size=\"70\" maxlength=\"400\" class=\"wpcf7-form-control wpcf7-email wpcf7-validates-as-required wpcf7-text wpcf7-validates-as-email\" aria-required=\"true\" aria-invalid=\"false\" placeholder=\"S\u00e4hk\u00f6posti\" value=\"\" type=\"email\" name=\"your-email\" \/><\/span>\n\t\t\t\t<\/p>\n\t\t\t<\/div>\n\t\t\t<div class=\"col-12 col-md-4\">\n\t\t\t\t<p><span class=\"wpcf7-form-control-wrap\" data-name=\"your-phone\"><input size=\"70\" maxlength=\"400\" class=\"wpcf7-form-control wpcf7-tel wpcf7-text wpcf7-validates-as-tel\" aria-invalid=\"false\" placeholder=\"Puhelin\" value=\"\" type=\"tel\" name=\"your-phone\" \/><\/span>\n\t\t\t\t<\/p>\n\t\t\t<\/div>\n\t\t<\/div>\n\t\t<div class=\"wp-bootstrap-blocks-row row\">\n\t\t\t<div class=\"col-12\">\n\t\t\t\t<p><span class=\"wpcf7-form-control-wrap\" data-name=\"your-subject\"><input size=\"300\" maxlength=\"400\" class=\"wpcf7-form-control wpcf7-text\" aria-invalid=\"false\" placeholder=\"Otsikko\" value=\"\" type=\"text\" name=\"your-subject\" \/><\/span>\n\t\t\t\t<\/p>\n\t\t\t<\/div>\n\t\t<\/div>\n\t\t<div class=\"wp-bootstrap-blocks-row row\">\n\t\t\t<div class=\"col-12\">\n\t\t\t\t<p><span class=\"wpcf7-form-control-wrap\" data-name=\"your-message\"><textarea cols=\"300\" rows=\"10\" maxlength=\"2000\" class=\"wpcf7-form-control wpcf7-textarea\" aria-invalid=\"false\" placeholder=\"Viestisi\" name=\"your-message\"><\/textarea><\/span>\n\t\t\t\t<\/p>\n\t\t\t<\/div>\n\t\t<\/div>\n\t\t<div class=\"wp-bootstrap-blocks-row row\">\n\t\t\t<div class=\"col-12\">\n\t\t\t\t<center>\n\t\t\t\t\t<p><input class=\"wpcf7-form-control wpcf7-submit has-spinner\" type=\"submit\" value=\"L\u00c4HET\u00c4\" \/> &nbsp; <input type=\"reset\" value=\"PERUUTA\" \/>\n\t\t\t\t\t<\/p>\n\t\t\t\t<\/center>\n\t\t\t<\/div>\n\t\t<\/div>\n\t<\/div>\n<\/div>\n<p><span id=\"wpcf7-69d8dc84c6603-wrapper\" class=\"wpcf7-form-control-wrap honeypot-22-wrap\" style=\"display:none !important; visibility:hidden !important;\"><label for=\"wpcf7-69d8dc84c6603-field\" class=\"hp-message\">Please leave this field empty.<\/label><input id=\"wpcf7-69d8dc84c6603-field\"  class=\"wpcf7-form-control wpcf7-text\" type=\"text\" name=\"honeypot-22\" value=\"\" size=\"40\" tabindex=\"-1\" autocomplete=\"new-password\" \/><\/span>\n<\/p><div class=\"wpcf7-response-output\" aria-hidden=\"true\"><\/div>\n<\/form>\n<\/div>\n\n\n<\/div>\n\n<\/div>\n","protected":false},"excerpt":{"rendered":"","protected":false},"author":1,"featured_media":0,"parent":0,"menu_order":0,"comment_status":"closed","ping_status":"closed","template":"","meta":{"inline_featured_image":false,"wpupg_custom_link":[],"wpupg_custom_link_behaviour":[],"wpupg_custom_link_nofollow":[],"wpupg_custom_image":[],"wpupg_custom_image_id":[],"footnotes":""},"class_list":["post-722","page","type-page","status-publish","hentry"],"_links":{"self":[{"href":"https:\/\/movepitajanmaki.fi\/index.php\/wp-json\/wp\/v2\/pages\/722","targetHints":{"allow":["GET"]}}],"collection":[{"href":"https:\/\/movepitajanmaki.fi\/index.php\/wp-json\/wp\/v2\/pages"}],"about":[{"href":"https:\/\/movepitajanmaki.fi\/index.php\/wp-json\/wp\/v2\/types\/page"}],"author":[{"embeddable":true,"href":"https:\/\/movepitajanmaki.fi\/index.php\/wp-json\/wp\/v2\/users\/1"}],"replies":[{"embeddable":true,"href":"https:\/\/movepitajanmaki.fi\/index.php\/wp-json\/wp\/v2\/comments?post=722"}],"version-history":[{"count":3,"href":"https:\/\/movepitajanmaki.fi\/index.php\/wp-json\/wp\/v2\/pages\/722\/revisions"}],"predecessor-version":[{"id":1045,"href":"https:\/\/movepitajanmaki.fi\/index.php\/wp-json\/wp\/v2\/pages\/722\/revisions\/1045"}],"wp:attachment":[{"href":"https:\/\/movepitajanmaki.fi\/index.php\/wp-json\/wp\/v2\/media?parent=722"}],"curies":[{"name":"wp","href":"https:\/\/api.w.org\/{rel}","templated":true}]}}