{"id":723,"date":"2020-10-27T09:19:39","date_gmt":"2020-10-27T09:19:39","guid":{"rendered":"https:\/\/movepitajanmaki.fi\/?page_id=723"},"modified":"2026-02-13T10:46:34","modified_gmt":"2026-02-13T08:46:34","slug":"vapaat-tilat","status":"publish","type":"page","link":"https:\/\/movepitajanmaki.fi\/index.php\/vapaat-tilat\/","title":{"rendered":"Vapaat tilat"},"content":{"rendered":"<div class=\"wp-bootstrap-blocks-container container-fluid mb-0 bg-white mtb-60\">\n\t\n<div class=\"wp-bootstrap-blocks-container container-lg mb-0\">\n\t\n\n<h3 class=\"wp-block-heading has-text-align-center darkgreen\">Vapaat tilat<\/h3>\n\n<\/div>\n\n<\/div>\n\n\n<div class=\"wp-bootstrap-blocks-container container-fluid mb-2 bg-white mtb-40\">\n\t\n<div class=\"wp-bootstrap-blocks-container container mb-0 mtb-40 lh-20\">\n\t\n\n<div class=\"wp-block-columns is-layout-flex wp-container-core-columns-is-layout-9d6595d7 wp-block-columns-is-layout-flex\">\n<div class=\"wp-block-column is-layout-flow wp-block-column-is-layout-flow\">\n<p>Movessa on viel\u00e4 pari vapaata tilaa 250 m\u00b2 &#8211; 300 m\u00b2 kokoluokassa vapaana. Kysy my\u00f6s vapaana olevia varastotiloja. Katso alta tarkemmin tai ota yhteytt\u00e4 meihin.<\/p>\n\n\n\n<p>Vapaana olevat tilat ovat eritt\u00e4in laadukkaita. Tilat ovat joustavia, valoisia ja miellytt\u00e4vi\u00e4 kaikkina vuodenaikoina.<\/p>\n<\/div>\n\n\n\n<div class=\"wp-block-column is-layout-flow wp-block-column-is-layout-flow\">\n<p>Ilme ja pohjaratkaisut voidaan muokata omia tarpeitasi vastaavaksi jokaisessa tilassa. Tilasuunnittelijat ja muutost\u00f6iden projektijohto ovat vuokralaisille veloituksettomia.<\/p>\n\n\n\n<p class=\"has-link\">Moven oma tilasuunnitteluopas auttaa sinua omien tilojen suunnittelussa. Lataa opas <a href=\"https:\/\/movepitajanmaki.fi\/wp-content\/uploads\/2026\/02\/Move_DesignGuide_260206_m240.pdf\">t\u00e4st\u00e4.<\/a><\/p>\n<\/div>\n<\/div>\n\n<\/div>\n\n<\/div>\n\n\n<div class=\"wp-bootstrap-blocks-container container-fluid mb-2 toimitilagrid\">\n\t\n<div class=\"wp-bootstrap-blocks-container container-fluid mb-2\">\n\t\n\n<div class=\"wp-block-group\"><div class=\"wp-block-group__inner-container is-layout-flow wp-block-group-is-layout-flow\">\n<div id=\"wpupg-grid-with-filters-toimitilat\" class=\"wpupg-grid-with-filters\"><style>#wpupg-grid-toimitilat-filters .wpupg-filter-container {padding: 10px 10px;}<\/style><div id=\"wpupg-grid-toimitilat-filters\" class=\"wpupg-grid-filters wpupg-grid-filters-display-inline wpupg-grid-filters-align-center\"><div id=\"wpupg-grid-toimitilat-filter-1-container\" class=\"wpupg-filter-container wpupg-filter-container-label-inline\"><div id=\"wpupg-grid-toimitilat-filter-1\" class=\"wpupg-filter wpupg-filter-isotope\"><style>#wpupg-grid-toimitilat-filter-1 {text-align: left;margin: 0 -5px;}#wpupg-grid-toimitilat-filter-1 .wpupg-filter-item {border: 1px solid #1C3148;background-color: #2E5077;color: #FFFFFF;font-size: 14px;margin: 5px 5px;padding: 5px 10px;}#wpupg-grid-toimitilat-filter-1 .wpupg-filter-item.active {border-color: #1C3148;background-color: #1C3148;color: #FFFFFF;}#wpupg-grid-toimitilat-filter-1 .wpupg-filter-item:focus {outline: none;border-color: #1C3148;background-color: #1C3148;color: #FFFFFF;}@media (hover: hover) and (pointer: fine) {#wpupg-grid-toimitilat-filter-1 .wpupg-filter-item:hover {outline: none;border-color: #1C3148;background-color: #1C3148;color: #FFFFFF;}}<\/style><div class=\"wpupg-filter-item wpupg-filter-isotope-term wpupg-filter-isotope-all wpupg-filter-tag- active\" role=\"button\" tabindex=\"0\">All<\/div><div class=\"wpupg-filter-item wpupg-filter-isotope-term wpupg-filter-isotope-term-category wpupg-filter-tag-200-500\" data-taxonomy=\"category\" data-terms=\"200-500\" role=\"button\" tabindex=\"0\">200-500<\/div><div class=\"wpupg-filter-item wpupg-filter-isotope-term wpupg-filter-isotope-term-category wpupg-filter-tag-200-500-fi\" data-taxonomy=\"category\" data-terms=\"200-500-fi\" role=\"button\" tabindex=\"0\">200-500<\/div><\/div><\/div><\/div><div id=\"wpupg-grid-container-toimitilat\" class=\"wpupg-grid-container\"><style>#wpupg-grid-toimitilat .wpupg-item { width: 100%; max-width: 400px; margin: 10px; }<\/style><div id=\"wpupg-grid-toimitilat\" class=\"wpupg-grid wpupg-grid-loading\" data-grid-id=\"411\"><a class=\"wpupg-item wpupg-item-post wpupg-item-1478 wpupg-type-toimitila wpupg-item-has-image wpupg-template-simple-with-excerpt wpupg-tax-category-200-500-fi wpupg-parent-tax-category-200-500-fi wpupg-item-link\" href=\"https:\/\/movepitajanmaki.fi\/index.php\/toimitila\/279-m2-2\/\" target=\"_self\" data-id=\"1478\" data-order-default=\"1743184028\"><div class=\"wpupg-item-image wpupg-block-image-normal wpupg-align-center\"><img loading=\"lazy\" decoding=\"async\" style=\"border-width: 0px;border-style: solid;border-color: #666666;\" width=\"500\" height=\"500\" src=\"https:\/\/movepitajanmaki.fi\/wp-content\/uploads\/2025\/03\/3krs-279-m2_kk.png\" class=\"skip-lazy disable-lazyload attachment-500x999 size-500x999\" alt=\"\" srcset=\"https:\/\/movepitajanmaki.fi\/wp-content\/uploads\/2025\/03\/3krs-279-m2_kk.png 1920w, https:\/\/movepitajanmaki.fi\/wp-content\/uploads\/2025\/03\/3krs-279-m2_kk-300x300.png 300w, https:\/\/movepitajanmaki.fi\/wp-content\/uploads\/2025\/03\/3krs-279-m2_kk-1024x1024.png 1024w, https:\/\/movepitajanmaki.fi\/wp-content\/uploads\/2025\/03\/3krs-279-m2_kk-150x150.png 150w, https:\/\/movepitajanmaki.fi\/wp-content\/uploads\/2025\/03\/3krs-279-m2_kk-768x768.png 768w, https:\/\/movepitajanmaki.fi\/wp-content\/uploads\/2025\/03\/3krs-279-m2_kk-1536x1536.png 1536w\" sizes=\"auto, (max-width: 500px) 100vw, 500px\" \/><\/div>\n<div class=\"wpupg-meta-container\">\n    <div class=\"wpupg-item-title wpupg-block-text-bold\">279 m<sup>2<\/sup><\/div>\n    <span class=\"wpupg-item-excerpt wpupg-block-text-normal\">3. kerros<\/span>\n<\/div><\/a><a class=\"wpupg-item wpupg-item-post wpupg-item-1480 wpupg-type-toimitila wpupg-item-has-image wpupg-template-simple-with-excerpt wpupg-tax-category-200-500 wpupg-parent-tax-category-200-500 wpupg-item-link\" href=\"https:\/\/movepitajanmaki.fi\/index.php\/en\/toimitila\/279-m2\/\" target=\"_self\" data-id=\"1480\" data-order-default=\"1743184015\"><div class=\"wpupg-item-image wpupg-block-image-normal wpupg-align-center\"><img loading=\"lazy\" decoding=\"async\" style=\"border-width: 0px;border-style: solid;border-color: #666666;\" width=\"500\" height=\"500\" src=\"https:\/\/movepitajanmaki.fi\/wp-content\/uploads\/2025\/03\/3krs-279-m2_kk.png\" class=\"skip-lazy disable-lazyload attachment-500x999 size-500x999\" alt=\"\" srcset=\"https:\/\/movepitajanmaki.fi\/wp-content\/uploads\/2025\/03\/3krs-279-m2_kk.png 1920w, https:\/\/movepitajanmaki.fi\/wp-content\/uploads\/2025\/03\/3krs-279-m2_kk-300x300.png 300w, https:\/\/movepitajanmaki.fi\/wp-content\/uploads\/2025\/03\/3krs-279-m2_kk-1024x1024.png 1024w, https:\/\/movepitajanmaki.fi\/wp-content\/uploads\/2025\/03\/3krs-279-m2_kk-150x150.png 150w, https:\/\/movepitajanmaki.fi\/wp-content\/uploads\/2025\/03\/3krs-279-m2_kk-768x768.png 768w, https:\/\/movepitajanmaki.fi\/wp-content\/uploads\/2025\/03\/3krs-279-m2_kk-1536x1536.png 1536w\" sizes=\"auto, (max-width: 500px) 100vw, 500px\" \/><\/div>\n<div class=\"wpupg-meta-container\">\n    <div class=\"wpupg-item-title wpupg-block-text-bold\">279 m<sup>2<\/sup><\/div>\n    <span class=\"wpupg-item-excerpt wpupg-block-text-normal\">3<sup>rd<\/sup> floor<\/span>\n<\/div><\/a><a class=\"wpupg-item wpupg-item-post wpupg-item-1206 wpupg-type-toimitila wpupg-item-has-image wpupg-template-simple-with-excerpt wpupg-tax-category-200-500-fi wpupg-parent-tax-category-200-500-fi wpupg-item-link\" href=\"https:\/\/movepitajanmaki.fi\/index.php\/toimitila\/314-m2\/\" target=\"_self\" data-id=\"1206\" data-order-default=\"1696858365\"><div class=\"wpupg-item-image wpupg-block-image-normal wpupg-align-center\"><img loading=\"lazy\" decoding=\"async\" style=\"border-width: 0px;border-style: solid;border-color: #666666;\" width=\"500\" height=\"500\" src=\"https:\/\/movepitajanmaki.fi\/wp-content\/uploads\/2023\/10\/4krs_314-m2_kk.png\" class=\"skip-lazy disable-lazyload attachment-500x999 size-500x999\" alt=\"\" srcset=\"https:\/\/movepitajanmaki.fi\/wp-content\/uploads\/2023\/10\/4krs_314-m2_kk.png 1920w, https:\/\/movepitajanmaki.fi\/wp-content\/uploads\/2023\/10\/4krs_314-m2_kk-300x300.png 300w, https:\/\/movepitajanmaki.fi\/wp-content\/uploads\/2023\/10\/4krs_314-m2_kk-1024x1024.png 1024w, https:\/\/movepitajanmaki.fi\/wp-content\/uploads\/2023\/10\/4krs_314-m2_kk-150x150.png 150w, https:\/\/movepitajanmaki.fi\/wp-content\/uploads\/2023\/10\/4krs_314-m2_kk-768x768.png 768w, https:\/\/movepitajanmaki.fi\/wp-content\/uploads\/2023\/10\/4krs_314-m2_kk-1536x1536.png 1536w\" sizes=\"auto, (max-width: 500px) 100vw, 500px\" \/><\/div>\n<div class=\"wpupg-meta-container\">\n    <div class=\"wpupg-item-title wpupg-block-text-bold\">314 m<sup>2<\/sup><\/div>\n    <span class=\"wpupg-item-excerpt wpupg-block-text-normal\">4. kerros<\/span>\n<\/div><\/a><a class=\"wpupg-item wpupg-item-post wpupg-item-1208 wpupg-type-toimitila wpupg-item-has-image wpupg-template-simple-with-excerpt wpupg-tax-category-200-500 wpupg-parent-tax-category-200-500 wpupg-item-link\" href=\"https:\/\/movepitajanmaki.fi\/index.php\/en\/toimitila\/314-m2-2\/\" target=\"_self\" data-id=\"1208\" data-order-default=\"1696858332\"><div class=\"wpupg-item-image wpupg-block-image-normal wpupg-align-center\"><img loading=\"lazy\" decoding=\"async\" style=\"border-width: 0px;border-style: solid;border-color: #666666;\" width=\"500\" height=\"500\" src=\"https:\/\/movepitajanmaki.fi\/wp-content\/uploads\/2023\/10\/4krs_314-m2_kk.png\" class=\"skip-lazy disable-lazyload attachment-500x999 size-500x999\" alt=\"\" srcset=\"https:\/\/movepitajanmaki.fi\/wp-content\/uploads\/2023\/10\/4krs_314-m2_kk.png 1920w, https:\/\/movepitajanmaki.fi\/wp-content\/uploads\/2023\/10\/4krs_314-m2_kk-300x300.png 300w, https:\/\/movepitajanmaki.fi\/wp-content\/uploads\/2023\/10\/4krs_314-m2_kk-1024x1024.png 1024w, https:\/\/movepitajanmaki.fi\/wp-content\/uploads\/2023\/10\/4krs_314-m2_kk-150x150.png 150w, https:\/\/movepitajanmaki.fi\/wp-content\/uploads\/2023\/10\/4krs_314-m2_kk-768x768.png 768w, https:\/\/movepitajanmaki.fi\/wp-content\/uploads\/2023\/10\/4krs_314-m2_kk-1536x1536.png 1536w\" sizes=\"auto, (max-width: 500px) 100vw, 500px\" \/><\/div>\n<div class=\"wpupg-meta-container\">\n    <div class=\"wpupg-item-title wpupg-block-text-bold\">314 m<sup>2<\/sup><\/div>\n    <span class=\"wpupg-item-excerpt wpupg-block-text-normal\">4<sup>th<\/sup> floor<\/span>\n<\/div><\/a><\/div><\/div><\/div>\n<\/div><\/div>\n\n<\/div>\n\n<\/div>\n\n\n<div class=\"wp-bootstrap-blocks-container container-fluid mb-2\">\n\t\n<div class=\"wp-bootstrap-blocks-container container mb-2 mtb-40\">\n\t\n\n<a id=\"form\"><\/a>\n\n\n\n<h3 class=\"wp-block-heading has-text-align-center has-text-color\" style=\"color:#2d4d4a\">Kysy vapaita tiloja<\/h3>\n\n<\/div>\n\n<\/div>\n\n\n\n<div class=\"wpcf7 no-js\" id=\"wpcf7-f768-o1\" lang=\"en-US\" dir=\"ltr\" data-wpcf7-id=\"768\">\n<div class=\"screen-reader-response\"><p role=\"status\" aria-live=\"polite\" aria-atomic=\"true\"><\/p> <ul><\/ul><\/div>\n<form action=\"\/index.php\/wp-json\/wp\/v2\/pages\/723#wpcf7-f768-o1\" method=\"post\" class=\"wpcf7-form init\" aria-label=\"Contact form\" novalidate=\"novalidate\" data-status=\"init\">\n<fieldset class=\"hidden-fields-container\"><input type=\"hidden\" name=\"_wpcf7\" value=\"768\" \/><input type=\"hidden\" name=\"_wpcf7_version\" value=\"6.1.5\" \/><input type=\"hidden\" name=\"_wpcf7_locale\" value=\"en_US\" \/><input type=\"hidden\" name=\"_wpcf7_unit_tag\" value=\"wpcf7-f768-o1\" \/><input type=\"hidden\" name=\"_wpcf7_container_post\" value=\"0\" \/><input type=\"hidden\" name=\"_wpcf7_posted_data_hash\" value=\"\" \/>\n<\/fieldset>\n<div class=\"wp-bootstrap-blocks-container container-fluid bg-white contact-us-form\">\n\t<div class=\"wp-bootstrap-blocks-container container-lg ptb-40\">\n\t\t<div class=\"wp-bootstrap-blocks-row row\">\n\t\t\t<div class=\"col-12 col-md-4\">\n\t\t\t\t<p><span class=\"wpcf7-form-control-wrap\" data-name=\"your-name\"><input size=\"70\" maxlength=\"400\" class=\"wpcf7-form-control wpcf7-text wpcf7-validates-as-required\" aria-required=\"true\" aria-invalid=\"false\" placeholder=\"Nimi\" value=\"\" type=\"text\" name=\"your-name\" \/><\/span>\n\t\t\t\t<\/p>\n\t\t\t<\/div>\n\t\t\t<div class=\"col-12 col-md-4\">\n\t\t\t\t<p><span class=\"wpcf7-form-control-wrap\" data-name=\"your-email\"><input size=\"70\" maxlength=\"400\" class=\"wpcf7-form-control wpcf7-email wpcf7-validates-as-required wpcf7-text wpcf7-validates-as-email\" aria-required=\"true\" aria-invalid=\"false\" placeholder=\"S\u00e4hk\u00f6posti\" value=\"\" type=\"email\" name=\"your-email\" \/><\/span>\n\t\t\t\t<\/p>\n\t\t\t<\/div>\n\t\t\t<div class=\"col-12 col-md-4\">\n\t\t\t\t<p><span class=\"wpcf7-form-control-wrap\" data-name=\"your-phone\"><input size=\"70\" maxlength=\"400\" class=\"wpcf7-form-control wpcf7-tel wpcf7-text wpcf7-validates-as-tel\" aria-invalid=\"false\" placeholder=\"Puhelin\" value=\"\" type=\"tel\" name=\"your-phone\" \/><\/span>\n\t\t\t\t<\/p>\n\t\t\t<\/div>\n\t\t<\/div>\n\t\t<div class=\"wp-bootstrap-blocks-row row\">\n\t\t\t<div class=\"col-12\">\n\t\t\t\t<p><span class=\"wpcf7-form-control-wrap\" data-name=\"your-subject\"><input size=\"300\" maxlength=\"400\" class=\"wpcf7-form-control wpcf7-text\" aria-invalid=\"false\" placeholder=\"Otsikko\" value=\"\" type=\"text\" name=\"your-subject\" \/><\/span>\n\t\t\t\t<\/p>\n\t\t\t<\/div>\n\t\t<\/div>\n\t\t<div class=\"wp-bootstrap-blocks-row row\">\n\t\t\t<div class=\"col-12\">\n\t\t\t\t<p><span class=\"wpcf7-form-control-wrap\" data-name=\"your-message\"><textarea cols=\"300\" rows=\"10\" maxlength=\"2000\" class=\"wpcf7-form-control wpcf7-textarea\" aria-invalid=\"false\" placeholder=\"Viestisi\" name=\"your-message\"><\/textarea><\/span>\n\t\t\t\t<\/p>\n\t\t\t<\/div>\n\t\t<\/div>\n\t\t<div class=\"wp-bootstrap-blocks-row row\">\n\t\t\t<div class=\"col-12\">\n\t\t\t\t<center>\n\t\t\t\t\t<p><input class=\"wpcf7-form-control wpcf7-submit has-spinner\" type=\"submit\" value=\"L\u00c4HET\u00c4\" \/> &nbsp; <input type=\"reset\" value=\"PERUUTA\" \/>\n\t\t\t\t\t<\/p>\n\t\t\t\t<\/center>\n\t\t\t<\/div>\n\t\t<\/div>\n\t<\/div>\n<\/div>\n<p><span id=\"wpcf7-69d78c7e68fa4-wrapper\" class=\"wpcf7-form-control-wrap honeypot-22-wrap\" style=\"display:none !important; visibility:hidden !important;\"><label for=\"wpcf7-69d78c7e68fa4-field\" class=\"hp-message\">Please leave this field empty.<\/label><input id=\"wpcf7-69d78c7e68fa4-field\"  class=\"wpcf7-form-control wpcf7-text\" type=\"text\" name=\"honeypot-22\" value=\"\" size=\"40\" tabindex=\"-1\" autocomplete=\"new-password\" \/><\/span>\n<\/p><div class=\"wpcf7-response-output\" aria-hidden=\"true\"><\/div>\n<\/form>\n<\/div>\n\n\n\n<div class=\"wp-bootstrap-blocks-container container-fluid mb-0 bg-lightgray\">\n\t\n<div class=\"wp-bootstrap-blocks-container container-lg mb-0 ptb-40\">\n\t\n\n<h2 class=\"wp-block-heading ptb-40\">Move lyhyesti<\/h2>\n\n\n<div class=\"wp-bootstrap-blocks-row row\">\n\t\n\n<div class=\"col-12 col-md-6\">\n\t\t\t\n\n<p>Move sijaitsee Pit\u00e4j\u00e4nm\u00e4en juuri uusitun p\u00e4\u00e4kadun varrella kehittyv\u00e4ll\u00e4 ja vihre\u00e4ll\u00e4 Talin alueella.  Movesta on nopeat ja helpot yhteydet lentokent\u00e4lle ja Helsingin keskustaan sek\u00e4 muualle p\u00e4\u00e4kaupunkiseudulle niin autolla kuin julkisilla kulkuv\u00e4lineill\u00e4. Pikaratikka 15 pys\u00e4htyy Moven edess\u00e4 olevalle pys\u00e4kille.&nbsp;<br><\/p>\n\n\n\n<p><\/p>\n\n\n\n<p>Move on raikas ja moderni toimistorakennus, yksi alueen uusimmista, ja se tarjoaa joustavasti muunneltavia toimistotiloja palveluineen sek\u00e4 hyvinvointia tukevia liikuntapalveluja vuokralaisyritysten henkil\u00f6st\u00f6lle. Niihin lukeutuvat kuntosali, kattavat aulapalvelut, kaksi ravintolaa, erikokoiset neuvottelutilat, catering-palvelut, suihkut ja pukuhuoneet ty\u00f6matkapy\u00f6r\u00e4ilij\u00f6ille ja juoksijoille sek\u00e4 vuokrattavat varastotilat.<br><\/p>\n\n\n\n<p><\/p>\n\n\n\n<p>Moven tilat ovat kuudessa kerroksessa kahdessa siivess\u00e4, maan alla on viel\u00e4 kolme kerrosta lis\u00e4\u00e4. Kaikkiaan rakennuksessa on 10 000 m\u00b2 vuokrattavaa tilaa sek\u00e4 autoille l\u00e4mmin autotalli latausasemineen. Vieraille ja s\u00e4hk\u00f6autoilijoille l\u00f6ytyy my\u00f6s hyvin pys\u00e4k\u00f6intitilaa pihalta.<\/p>\n\n\t<\/div>\n\n\n\n<div class=\"col-12 col-md-6\">\n\t\t\t\n\n<p>Vastuullisuus ja energiatehokkuus ovat osa Moven hyvinvointiarvoja, LEED-sertifikaatti sille on jo my\u00f6nnetty. <\/p>\n\n\n\n<p><\/p>\n\n\n\n<p>Vuoden 2023 aikana Move on uudistunut sis\u00e4\u00e4nk\u00e4ynnin, aulatilojen ja ravintoloiden kunnostust\u00f6iden valmistuttua. Uusi ravintola Pause tarjoaa eritt\u00e4in monipuoliset ravintolapalvelut sek\u00e4 viihtyis\u00e4t, olohuoneimaiset tilat. Kuntosali Elixia tarjoaa paitsi kes\u00e4ll\u00e4 2024 uudistuvat salitilat, my\u00f6s hyv\u00e4t edut Moven vuokralaisille. Lis\u00e4ksi ty\u00f6matkapy\u00f6r\u00e4ilij\u00f6it\u00e4 ja juoksijoita palvelee toimivat suihkutilat ja pukuhuoneet s\u00e4ilytystiloineen. Moven suureen sis\u00e4pihaan kuuluu viihtyis\u00e4 kes\u00e4terassi ja katolla kattoterassi.<br><\/p>\n\n\n\n<p><\/p>\n\n\n\n<p>Movesta ovat l\u00f6yt\u00e4neet uuden osoitteen mm. seuraavat menestyv\u00e4t yritykset: Elixia, Subway, Ravintola Pause, Compass Group, Suomen Punainen Risti, 9Lives, CIL Suomi, Uudenmaan Mestari-rakentajat, Aino Health Management, Worker Etel\u00e4-Suomi, Flatpay ja Eurolaite.<\/p>\n\n\t<\/div>\n\n<\/div>\n\n<\/div>\n\n<\/div>\n","protected":false},"excerpt":{"rendered":"","protected":false},"author":1,"featured_media":0,"parent":0,"menu_order":0,"comment_status":"closed","ping_status":"closed","template":"","meta":{"inline_featured_image":false,"wpupg_custom_link":[],"wpupg_custom_link_behaviour":[],"wpupg_custom_link_nofollow":[],"wpupg_custom_image":[],"wpupg_custom_image_id":[],"footnotes":""},"class_list":["post-723","page","type-page","status-publish","hentry"],"_links":{"self":[{"href":"https:\/\/movepitajanmaki.fi\/index.php\/wp-json\/wp\/v2\/pages\/723","targetHints":{"allow":["GET"]}}],"collection":[{"href":"https:\/\/movepitajanmaki.fi\/index.php\/wp-json\/wp\/v2\/pages"}],"about":[{"href":"https:\/\/movepitajanmaki.fi\/index.php\/wp-json\/wp\/v2\/types\/page"}],"author":[{"embeddable":true,"href":"https:\/\/movepitajanmaki.fi\/index.php\/wp-json\/wp\/v2\/users\/1"}],"replies":[{"embeddable":true,"href":"https:\/\/movepitajanmaki.fi\/index.php\/wp-json\/wp\/v2\/comments?post=723"}],"version-history":[{"count":14,"href":"https:\/\/movepitajanmaki.fi\/index.php\/wp-json\/wp\/v2\/pages\/723\/revisions"}],"predecessor-version":[{"id":1554,"href":"https:\/\/movepitajanmaki.fi\/index.php\/wp-json\/wp\/v2\/pages\/723\/revisions\/1554"}],"wp:attachment":[{"href":"https:\/\/movepitajanmaki.fi\/index.php\/wp-json\/wp\/v2\/media?parent=723"}],"curies":[{"name":"wp","href":"https:\/\/api.w.org\/{rel}","templated":true}]}}