{"id":725,"date":"2020-10-26T12:25:43","date_gmt":"2020-10-26T12:25:43","guid":{"rendered":"https:\/\/movepitajanmaki.fi\/?page_id=725"},"modified":"2026-02-01T20:20:21","modified_gmt":"2026-02-01T18:20:21","slug":"uusi-move","status":"publish","type":"page","link":"https:\/\/movepitajanmaki.fi\/index.php\/uusi-move\/","title":{"rendered":"Uusi Move"},"content":{"rendered":"<div class=\"wp-bootstrap-blocks-container container-fluid mb-2\">\n\t\n<div class=\"wp-bootstrap-blocks-container container mb-2 mtb-40\">\n\t\n\n<h3 class=\"wp-block-heading has-text-align-center color-darkgreen has-text-color\" style=\"color:#2d4d4a\">Uudistunut Move on entist\u00e4 parempi<\/h3>\n\n<\/div>\n\n<\/div>\n\n\n<div class=\"wp-bootstrap-blocks-container container-fluid mb-0 bg-lightwhite\">\n\t\n<div class=\"wp-bootstrap-blocks-container container-lg mb-0 mtb-60 ptb-40\">\n\t\n<div class=\"wp-bootstrap-blocks-row row\">\n\t\n\n<div class=\"col-12 col-md-6\">\n\t\t\t\n\n<p>Vaikka Move onkin osoittanut suosionsa siell\u00e4 ty\u00f6skentelevien keskuudessa, vuoden 2023 aikana siit\u00e4 on tullut entist\u00e4kin vetovoimaisempi ja saavutettavampi. Uuden pikaratikka 15:n pys\u00e4kki sijaitsee aivan Moven edess\u00e4.\u00a0<\/p>\n\n\n\n<p>Uudistetussa\u00a0aulassa yhdistyv\u00e4t vastuullisuus, toiminnallisuus sek\u00e4 ty\u00f6ntekij\u00f6iden ja vieraiden hyvinvointi. Vihersein\u00e4t, kasviryhm\u00e4t ja nykyaikainen valaistus luovat viihtyis\u00e4t ja toimivat puitteet tapaamisille ja antavat ty\u00f6rauhaa keskittymist\u00e4 vaativaan ty\u00f6h\u00f6n.\u00a0Uudistuksen suunnittelijoina ovat olleet\u00a0Scope Design ja PES-Arkkitehdit Oy. <\/p>\n\n\t<\/div>\n\n\n\n<div class=\"col-12 col-md-6\">\n\t\t\t\n\n<p>Ravintolat on uudistettu vuoden 2023 aikana vastaamaan paremmin ty\u00f6nteon joustaviin tarpeisiin ja huomioiden terveelliseen lounastarjonnan.\u00a0Uusi ravintola Pause tarjoaa herkkuja monipuolisesti\u00a0aamiaisesta\u00a0lounaaseen ja\u00a0iltahetkien snackseihin.\u00a0<\/p>\n\n\n\n<p>Uudistusten my\u00f6t\u00e4 Moveen asennettiin s\u00e4hk\u00f6autojen latauspaikkoja.\u00a0Ty\u00f6matkapy\u00f6r\u00e4ilij\u00f6it\u00e4 ja juoksijoita palvelee toimivat suihkutilat ja pukuhuoneet s\u00e4ilytystiloineen. Lis\u00e4ksi vuokralaisten k\u00e4yt\u00f6ss\u00e4 on Moven suuren sis\u00e4pihan viihtyis\u00e4 kes\u00e4terassi ja katolla kattoterassi. Kaikissa uudistuksissa on huomioitu vuokralaisten tarpeet ja toiveet.<\/p>\n\n\t<\/div>\n\n<\/div>\n\n<\/div>\n\n<\/div>\n","protected":false},"excerpt":{"rendered":"","protected":false},"author":1,"featured_media":0,"parent":0,"menu_order":0,"comment_status":"closed","ping_status":"closed","template":"","meta":{"inline_featured_image":false,"wpupg_custom_link":[],"wpupg_custom_link_behaviour":[],"wpupg_custom_link_nofollow":[],"wpupg_custom_image":[],"wpupg_custom_image_id":[],"footnotes":""},"class_list":["post-725","page","type-page","status-publish","hentry"],"_links":{"self":[{"href":"https:\/\/movepitajanmaki.fi\/index.php\/wp-json\/wp\/v2\/pages\/725","targetHints":{"allow":["GET"]}}],"collection":[{"href":"https:\/\/movepitajanmaki.fi\/index.php\/wp-json\/wp\/v2\/pages"}],"about":[{"href":"https:\/\/movepitajanmaki.fi\/index.php\/wp-json\/wp\/v2\/types\/page"}],"author":[{"embeddable":true,"href":"https:\/\/movepitajanmaki.fi\/index.php\/wp-json\/wp\/v2\/users\/1"}],"replies":[{"embeddable":true,"href":"https:\/\/movepitajanmaki.fi\/index.php\/wp-json\/wp\/v2\/comments?post=725"}],"version-history":[{"count":12,"href":"https:\/\/movepitajanmaki.fi\/index.php\/wp-json\/wp\/v2\/pages\/725\/revisions"}],"predecessor-version":[{"id":1539,"href":"https:\/\/movepitajanmaki.fi\/index.php\/wp-json\/wp\/v2\/pages\/725\/revisions\/1539"}],"wp:attachment":[{"href":"https:\/\/movepitajanmaki.fi\/index.php\/wp-json\/wp\/v2\/media?parent=725"}],"curies":[{"name":"wp","href":"https:\/\/api.w.org\/{rel}","templated":true}]}}